{"id":639,"date":"2026-04-04T15:41:06","date_gmt":"2026-04-04T15:41:06","guid":{"rendered":"https:\/\/geminight.azdigi.shop\/?post_type=product&#038;p=639"},"modified":"2026-04-04T15:41:06","modified_gmt":"2026-04-04T15:41:06","slug":"celeste-candles","status":"publish","type":"product","link":"https:\/\/geminight.azdigi.shop\/index.php\/product\/celeste-candles\/","title":{"rendered":"Celeste Candles"},"content":{"rendered":"<h1 style=\"text-align: center;\"><strong>Celeste Candles \u2013 H\u00e0nh tr\u00ecnh h\u01b0\u01a1ng th\u01a1m tinh kh\u00f4i<\/strong><\/h1>\n<p style=\"text-align: center;\"><span style=\"font-size: 115%;\">Trong nh\u1ecbp s\u1ed1ng hi\u1ec7n \u0111\u1ea1i, <em><span style=\"color: #000000;\"><strong>Celeste Candles<\/strong><\/span><\/em> mang \u0111\u1ebfn tr\u1ea3i nghi\u1ec7m n\u1ebfn th\u01a1m handmade xanh, k\u1ebft h\u1ee3p nguy\u00ean li\u1ec7u t\u1ef1 nhi\u00ean v\u00e0 tinh d\u1ea7u th\u1ef1c v\u1eadt. \u0110\u00e2y kh\u00f4ng ch\u1ec9 l\u00e0 m\u1ed9t ng\u1ecdn n\u1ebfn, m\u00e0 c\u00f2n l\u00e0 m\u1ed9t h\u00e0nh tr\u00ecnh h\u01b0\u01a1ng th\u01a1m, \u0111\u01b0a b\u1ea1n \u0111i t\u1eeb s\u1ef1 thanh nh\u00e3 \u0111\u1ebfn s\u1ef1 quy\u1ebfn r\u0169 b\u00ed \u1ea9n.<\/span><\/p>\n<h3><span style=\"color: #000000;\"><strong><span style=\"font-size: 115%;\">H\u00e0nh tr\u00ecnh h\u01b0\u01a1ng th\u01a1m<\/span><\/strong><\/span><\/h3>\n<ul>\n<li><span style=\"font-size: 115%;\"><span style=\"color: #000000;\"><strong>Peony &amp; White Tea (M\u1eabu \u0111\u01a1n &amp; Tr\u00e0 tr\u1eafng)<\/strong>:<\/span> Thanh nh\u00e3, nh\u1eb9 nh\u00e0ng, m\u1edf \u0111\u1ea7u b\u1eb1ng s\u1ef1 tinh kh\u00f4i v\u00e0 th\u01b0 gi\u00e3n.<\/span><\/li>\n<li><span style=\"font-size: 115%;\"><span style=\"color: #000000;\"><strong>Mandarin &amp; Mint (Qu\u00fdt &amp; B\u1ea1c h\u00e0)<\/strong>:<\/span> T\u01b0\u01a1i m\u00e1t, s\u1ea3ng kho\u00e1i, kh\u01a1i ngu\u1ed3n n\u0103ng l\u01b0\u1ee3ng m\u1edbi.<\/span><\/li>\n<li><span style=\"font-size: 115%;\"><span style=\"color: #000000;\"><strong>Sandalwood &amp; Iris (G\u1ed7 \u0111\u00e0n h\u01b0\u01a1ng &amp; Di\u00ean v\u0129)<\/strong><\/span>: \u1ea4m \u00e1p, sang tr\u1ecdng, t\u1ea1o chi\u1ec1u s\u00e2u tinh t\u1ebf.<\/span><\/li>\n<li><span style=\"font-size: 115%;\"><span style=\"color: #000000;\"><strong>Ocean Breeze (H\u01b0\u01a1ng bi\u1ec3n)<\/strong>:<\/span> M\u00e1t l\u00e0nh, t\u1ef1 do, g\u1ee3i c\u1ea3m gi\u00e1c kho\u00e1ng \u0111\u1ea1t v\u00e0 ph\u00f3ng kho\u00e1ng.<\/span><\/li>\n<\/ul>\n<h3><span style=\"color: #000000;\"><strong><span style=\"font-size: 115%;\">\u0110\u1eb7c \u0111i\u1ec3m n\u1ed5i b\u1eadt<\/span><\/strong><\/span><\/h3>\n<ul>\n<li><span style=\"font-size: 115%;\"><span style=\"color: #000000;\"><strong>Nguy\u00ean li\u1ec7u xanh<\/strong>:<\/span> S\u00e1p \u0111\u1eadu n\u00e0nh t\u1ef1 nhi\u00ean, tinh d\u1ea7u th\u1ef1c v\u1eadt, kh\u00f4ng h\u00f3a ch\u1ea5t \u0111\u1ed9c h\u1ea1i.<\/span><\/li>\n<li><span style=\"font-size: 115%;\"><span style=\"color: #000000;\"><strong>B\u1ea5c cotton s\u1ea1ch<\/strong><\/span>: Ch\u00e1y \u0111\u1ec1u, kh\u00f4ng kh\u00f3i \u0111en, an to\u00e0n cho s\u1ee9c kh\u1ecfe.<\/span><\/li>\n<li><span style=\"font-size: 115%;\"><span style=\"color: #000000;\"><strong>Bao b\u00ec th\u00e2n thi\u1ec7n m\u00f4i tr\u01b0\u1eddng<\/strong><\/span>: H\u1ed9p gi\u1ea5y t\u00e1i ch\u1ebf, thi\u1ebft k\u1ebf tinh t\u1ebf, d\u1ec5 ph\u00e2n h\u1ee7y.<\/span><\/li>\n<li><span style=\"font-size: 115%;\"><span style=\"color: #000000;\"><strong>Th\u1ee7 c\u00f4ng ngh\u1ec7 thu\u1eadt<\/strong><\/span>: M\u1ed7i s\u1ea3n ph\u1ea9m \u0111\u01b0\u1ee3c l\u00e0m b\u1eb1ng tay, mang d\u1ea5u \u1ea5n ri\u00eang bi\u1ec7t.<\/span><\/li>\n<\/ul>\n<h3><span style=\"color: #000000;\"><strong><span style=\"font-size: 115%;\">L\u1ee3i \u00edch<\/span><\/strong><\/span><\/h3>\n<ul>\n<li><span style=\"font-size: 115%;\">T\u1ea1o kh\u00f4ng gian th\u01b0 gi\u00e3n, gi\u1ea3m stress.<\/span><\/li>\n<li><span style=\"font-size: 115%;\">Mang l\u1ea1i s\u1ef1 sang tr\u1ecdng cho ph\u00f2ng kh\u00e1ch, ph\u00f2ng ng\u1ee7, spa ho\u1eb7c qu\u00e1n c\u00e0 ph\u00ea.<\/span><\/li>\n<li><span style=\"font-size: 115%;\">L\u00e0m qu\u00e0 t\u1eb7ng \u00fd ngh\u0129a, v\u1eeba \u0111\u1eb9p v\u1eeba xanh.<\/span><\/li>\n<\/ul>\n<h3><span style=\"color: #000000;\"><strong>LI\u00caN H\u1ec6 V\u1edaI CH\u00daNG T\u00d4I<\/strong><\/span><\/h3>\n<style id=\"wpforms-css-vars-285\">\n\t\t\t\t#wpforms-285 {\n\t\t\t\t--wpforms-container-padding: 0px;\n--wpforms-container-border-width: 1px;\n--wpforms-container-border-radius: 3px;\n--wpforms-background-color: rgba(0, 0, 0, 0);\n--wpforms-field-size-input-height: 43px;\n--wpforms-field-size-input-spacing: 15px;\n--wpforms-field-size-font-size: 16px;\n--wpforms-field-size-line-height: 19px;\n--wpforms-field-size-padding-h: 14px;\n--wpforms-field-size-checkbox-size: 16px;\n--wpforms-field-size-sublabel-spacing: 5px;\n--wpforms-field-size-icon-size: 1;\n--wpforms-label-size-font-size: 16px;\n--wpforms-label-size-line-height: 19px;\n--wpforms-label-size-sublabel-font-size: 14px;\n--wpforms-label-size-sublabel-line-height: 17px;\n--wpforms-button-size-font-size: 17px;\n--wpforms-button-size-height: 41px;\n--wpforms-button-size-padding-h: 15px;\n--wpforms-button-size-margin-top: 10px;\n--wpforms-container-shadow-size-box-shadow: none;\n\t\t\t}\n\t\t\t<\/style><div class=\"wpforms-container wpforms-container-full wpforms-render-modern\" id=\"wpforms-285\"><form id=\"wpforms-form-285\" class=\"wpforms-validate wpforms-form wpforms-ajax-form\" data-formid=\"285\" method=\"post\" enctype=\"multipart\/form-data\" action=\"\/index.php\/wp-json\/wp\/v2\/product\/639\" data-token=\"b5b965bce5fe632c2543b01b6dd6df7f\" data-token-time=\"1777021885\"><noscript class=\"wpforms-error-noscript\">Vui l\u00f2ng b\u1eadt JavaScript trong tr\u00ecnh duy\u1ec7t c\u1ee7a b\u1ea1n \u0111\u1ec3 ho\u00e0n th\u00e0nh Form n\u00e0y.<\/noscript><div id=\"wpforms-error-noscript\" style=\"display: none;\">Vui l\u00f2ng b\u1eadt JavaScript trong tr\u00ecnh duy\u1ec7t c\u1ee7a b\u1ea1n \u0111\u1ec3 ho\u00e0n th\u00e0nh Form n\u00e0y.<\/div><div class=\"wpforms-field-container\"><div id=\"wpforms-285-field_1-container\" class=\"wpforms-field wpforms-field-name\" data-field-id=\"1\"><fieldset><legend class=\"wpforms-field-label\">Name <span class=\"wpforms-required-label\" aria-hidden=\"true\">*<\/span><\/legend><div class=\"wpforms-field-row wpforms-field-medium\"><div class=\"wpforms-field-row-block wpforms-first wpforms-one-half\"><input type=\"text\" id=\"wpforms-285-field_1\" class=\"wpforms-field-name-first wpforms-field-required\" name=\"wpforms[fields][1][first]\" aria-errormessage=\"wpforms-285-field_1-error\" required><label for=\"wpforms-285-field_1\" class=\"wpforms-field-sublabel after\">T\u00ean<\/label><\/div><div class=\"wpforms-field-row-block wpforms-one-half\"><input type=\"text\" id=\"wpforms-285-field_1-last\" class=\"wpforms-field-name-last wpforms-field-required\" name=\"wpforms[fields][1][last]\" aria-errormessage=\"wpforms-285-field_1-last-error\" required><label for=\"wpforms-285-field_1-last\" class=\"wpforms-field-sublabel after\">H\u1ecd<\/label><\/div><\/div><\/fieldset><\/div>\t\t<div id=\"wpforms-285-field_4-container\"\n\t\t\tclass=\"wpforms-field wpforms-field-text\"\n\t\t\tdata-field-type=\"text\"\n\t\t\tdata-field-id=\"4\"\n\t\t\t>\n\t\t\t<label class=\"wpforms-field-label\" for=\"wpforms-285-field_4\" >Email Comment or<\/label>\n\t\t\t<input type=\"text\" id=\"wpforms-285-field_4\" class=\"wpforms-field-medium\" name=\"wpforms[fields][4]\" >\n\t\t<\/div>\n\t\t<div id=\"wpforms-285-field_2-container\" class=\"wpforms-field wpforms-field-email\" data-field-id=\"2\"><label class=\"wpforms-field-label\" for=\"wpforms-285-field_2\">Email <span class=\"wpforms-required-label\" aria-hidden=\"true\">*<\/span><\/label><input type=\"email\" id=\"wpforms-285-field_2\" class=\"wpforms-field-medium wpforms-field-required\" name=\"wpforms[fields][2]\" spellcheck=\"false\" aria-errormessage=\"wpforms-285-field_2-error\" required><\/div><div id=\"wpforms-285-field_3-container\" class=\"wpforms-field wpforms-field-textarea\" data-field-id=\"3\"><label class=\"wpforms-field-label\" for=\"wpforms-285-field_3\">Comment or Message<\/label><textarea id=\"wpforms-285-field_3\" class=\"wpforms-field-medium\" name=\"wpforms[fields][3]\" aria-errormessage=\"wpforms-285-field_3-error\" ><\/textarea><\/div><script>\n\t\t\t\t( function() {\n\t\t\t\t\tconst style = document.createElement( 'style' );\n\t\t\t\t\tstyle.appendChild( document.createTextNode( '#wpforms-285-field_4-container { position: absolute !important; overflow: hidden !important; display: inline !important; height: 1px !important; width: 1px !important; z-index: -1000 !important; padding: 0 !important; } #wpforms-285-field_4-container input { visibility: hidden; } #wpforms-conversational-form-page #wpforms-285-field_4-container label { counter-increment: none; }' ) );\n\t\t\t\t\tdocument.head.appendChild( style );\n\t\t\t\t\tdocument.currentScript?.remove();\n\t\t\t\t} )();\n\t\t\t<\/script><\/div><!-- .wpforms-field-container --><div class=\"wpforms-submit-container\" ><input type=\"hidden\" name=\"wpforms[id]\" value=\"285\"><input type=\"hidden\" name=\"page_title\" value=\"\"><input type=\"hidden\" name=\"page_url\" value=\"https:\/\/geminight.azdigi.shop\/index.php\/wp-json\/wp\/v2\/product\/639\"><input type=\"hidden\" name=\"url_referer\" value=\"\"><button type=\"submit\" name=\"wpforms[submit]\" id=\"wpforms-submit-285\" class=\"wpforms-submit\" data-alt-text=\"Sending...\" data-submit-text=\"Submit\" aria-live=\"assertive\" value=\"wpforms-submit\">Submit<\/button><img loading=\"lazy\" decoding=\"async\" src=\"https:\/\/geminight.azdigi.shop\/wp-content\/plugins\/wpforms-lite\/assets\/images\/submit-spin.svg\" class=\"wpforms-submit-spinner\" style=\"display: none;\" width=\"26\" height=\"26\" alt=\"\u0110ang t\u1ea3i\"><\/div><\/form><\/div>  <!-- .wpforms-container -->\n<p><img loading=\"lazy\" decoding=\"async\" class=\"size-medium wp-image-25 aligncenter\" src=\"https:\/\/geminight.azdigi.shop\/wp-content\/uploads\/2026\/03\/logo_den__1_-removebg-preview-300x150.png\" alt=\"\" width=\"300\" height=\"150\" srcset=\"https:\/\/geminight.azdigi.shop\/wp-content\/uploads\/2026\/03\/logo_den__1_-removebg-preview-300x150.png 300w, https:\/\/geminight.azdigi.shop\/wp-content\/uploads\/2026\/03\/logo_den__1_-removebg-preview-600x300.png 600w, https:\/\/geminight.azdigi.shop\/wp-content\/uploads\/2026\/03\/logo_den__1_-removebg-preview.png 707w\" sizes=\"auto, (max-width: 300px) 100vw, 300px\" \/><\/p>\n","protected":false},"excerpt":{"rendered":"<p>Celeste Candles \u2013 H\u00e0nh tr\u00ecnh h\u01b0\u01a1ng th\u01a1m tinh kh\u00f4i Trong nh\u1ecbp s\u1ed1ng hi\u1ec7n \u0111\u1ea1i, Celeste Candles mang \u0111\u1ebfn tr\u1ea3i nghi\u1ec7m n\u1ebfn th\u01a1m handmade xanh, k\u1ebft h\u1ee3p nguy\u00ean li\u1ec7u t\u1ef1 nhi\u00ean v\u00e0 tinh d\u1ea7u th\u1ef1c v\u1eadt. \u0110\u00e2y kh\u00f4ng ch\u1ec9 l\u00e0 m\u1ed9t ng\u1ecdn n\u1ebfn, m\u00e0 c\u00f2n l\u00e0 m\u1ed9t h\u00e0nh tr\u00ecnh h\u01b0\u01a1ng th\u01a1m, \u0111\u01b0a b\u1ea1n \u0111i t\u1eeb s\u1ef1 [&#8230;]\n","protected":false},"featured_media":641,"comment_status":"open","ping_status":"closed","template":"","meta":[],"product_brand":[],"product_cat":[59],"product_tag":[],"class_list":{"0":"post-639","1":"product","2":"type-product","3":"status-publish","4":"has-post-thumbnail","6":"product_cat-celeste-candles","8":"first","9":"instock","10":"shipping-taxable","11":"purchasable","12":"product-type-variable"},"yoast_head":"<!-- This site is optimized with the Yoast SEO plugin v27.1.1 - https:\/\/yoast.com\/product\/yoast-seo-wordpress\/ -->\n<title>Celeste Candles - GEMINIGHT<\/title>\n<meta name=\"description\" content=\"Trong nh\u1ecbp s\u1ed1ng hi\u1ec7n t\u1ea1i, Celeste Candles mang \u0111\u1ebfn tr\u1ea3i nghi\u1ec7m n\u1ebfn th\u01a1m handmade xanh, k\u1ebft h\u1ee3p nguy\u00ean li\u1ec7u t\u1ef1 nhi\u00ean v\u00e0 tinh d\u1ea7u th\u1ef1c v\u1eadt. .\" \/>\n<meta name=\"robots\" content=\"index, follow, max-snippet:-1, max-image-preview:large, max-video-preview:-1\" \/>\n<link rel=\"canonical\" href=\"https:\/\/geminight.azdigi.shop\/index.php\/product\/celeste-candles\/\" \/>\n<meta property=\"og:locale\" content=\"vi_VN\" \/>\n<meta property=\"og:type\" content=\"article\" \/>\n<meta property=\"og:title\" content=\"Celeste Candles - GEMINIGHT\" \/>\n<meta property=\"og:description\" content=\"Trong nh\u1ecbp s\u1ed1ng hi\u1ec7n t\u1ea1i, Celeste Candles mang \u0111\u1ebfn tr\u1ea3i nghi\u1ec7m n\u1ebfn th\u01a1m handmade xanh, k\u1ebft h\u1ee3p nguy\u00ean li\u1ec7u t\u1ef1 nhi\u00ean v\u00e0 tinh d\u1ea7u th\u1ef1c v\u1eadt. .\" \/>\n<meta property=\"og:url\" content=\"https:\/\/geminight.azdigi.shop\/index.php\/product\/celeste-candles\/\" \/>\n<meta property=\"og:site_name\" content=\"GEMINIGHT\" \/>\n<meta property=\"og:image\" content=\"https:\/\/geminight.azdigi.shop\/wp-content\/uploads\/2026\/04\/d6359436451aae8e8d7ede3c35d37fac.jpg\" \/>\n\t<meta property=\"og:image:width\" content=\"736\" \/>\n\t<meta property=\"og:image:height\" content=\"736\" \/>\n\t<meta property=\"og:image:type\" content=\"image\/jpeg\" \/>\n<meta name=\"twitter:card\" content=\"summary_large_image\" \/>\n<meta name=\"twitter:label1\" content=\"\u01af\u1edbc t\u00ednh th\u1eddi gian \u0111\u1ecdc\" \/>\n\t<meta name=\"twitter:data1\" content=\"2 ph\u00fat\" \/>\n<script type=\"application\/ld+json\" class=\"yoast-schema-graph\">{\"@context\":\"https:\/\/schema.org\",\"@graph\":[{\"@type\":\"WebPage\",\"@id\":\"https:\/\/geminight.azdigi.shop\/index.php\/product\/celeste-candles\/\",\"url\":\"https:\/\/geminight.azdigi.shop\/index.php\/product\/celeste-candles\/\",\"name\":\"Celeste Candles - GEMINIGHT\",\"isPartOf\":{\"@id\":\"https:\/\/geminight.azdigi.shop\/#website\"},\"primaryImageOfPage\":{\"@id\":\"https:\/\/geminight.azdigi.shop\/index.php\/product\/celeste-candles\/#primaryimage\"},\"image\":{\"@id\":\"https:\/\/geminight.azdigi.shop\/index.php\/product\/celeste-candles\/#primaryimage\"},\"thumbnailUrl\":\"https:\/\/geminight.azdigi.shop\/wp-content\/uploads\/2026\/04\/d6359436451aae8e8d7ede3c35d37fac.jpg\",\"datePublished\":\"2026-04-04T15:41:06+00:00\",\"description\":\"Trong nh\u1ecbp s\u1ed1ng hi\u1ec7n t\u1ea1i, Celeste Candles mang \u0111\u1ebfn tr\u1ea3i nghi\u1ec7m n\u1ebfn th\u01a1m handmade xanh, k\u1ebft h\u1ee3p nguy\u00ean li\u1ec7u t\u1ef1 nhi\u00ean v\u00e0 tinh d\u1ea7u th\u1ef1c v\u1eadt. .\",\"breadcrumb\":{\"@id\":\"https:\/\/geminight.azdigi.shop\/index.php\/product\/celeste-candles\/#breadcrumb\"},\"inLanguage\":\"vi\",\"potentialAction\":[{\"@type\":\"ReadAction\",\"target\":[\"https:\/\/geminight.azdigi.shop\/index.php\/product\/celeste-candles\/\"]}]},{\"@type\":\"ImageObject\",\"inLanguage\":\"vi\",\"@id\":\"https:\/\/geminight.azdigi.shop\/index.php\/product\/celeste-candles\/#primaryimage\",\"url\":\"https:\/\/geminight.azdigi.shop\/wp-content\/uploads\/2026\/04\/d6359436451aae8e8d7ede3c35d37fac.jpg\",\"contentUrl\":\"https:\/\/geminight.azdigi.shop\/wp-content\/uploads\/2026\/04\/d6359436451aae8e8d7ede3c35d37fac.jpg\",\"width\":736,\"height\":736},{\"@type\":\"BreadcrumbList\",\"@id\":\"https:\/\/geminight.azdigi.shop\/index.php\/product\/celeste-candles\/#breadcrumb\",\"itemListElement\":[{\"@type\":\"ListItem\",\"position\":1,\"name\":\"Home\",\"item\":\"https:\/\/geminight.azdigi.shop\/\"},{\"@type\":\"ListItem\",\"position\":2,\"name\":\"Shop\",\"item\":\"https:\/\/geminight.azdigi.shop\/index.php\/shop\/\"},{\"@type\":\"ListItem\",\"position\":3,\"name\":\"Celeste Candles\"}]},{\"@type\":\"WebSite\",\"@id\":\"https:\/\/geminight.azdigi.shop\/#website\",\"url\":\"https:\/\/geminight.azdigi.shop\/\",\"name\":\"GEMINIGHT\",\"description\":\"\",\"potentialAction\":[{\"@type\":\"SearchAction\",\"target\":{\"@type\":\"EntryPoint\",\"urlTemplate\":\"https:\/\/geminight.azdigi.shop\/?s={search_term_string}\"},\"query-input\":{\"@type\":\"PropertyValueSpecification\",\"valueRequired\":true,\"valueName\":\"search_term_string\"}}],\"inLanguage\":\"vi\"}]}<\/script>\n<!-- \/ Yoast SEO plugin. -->","yoast_head_json":{"title":"Celeste Candles - GEMINIGHT","description":"Trong nh\u1ecbp s\u1ed1ng hi\u1ec7n t\u1ea1i, Celeste Candles mang \u0111\u1ebfn tr\u1ea3i nghi\u1ec7m n\u1ebfn th\u01a1m handmade xanh, k\u1ebft h\u1ee3p nguy\u00ean li\u1ec7u t\u1ef1 nhi\u00ean v\u00e0 tinh d\u1ea7u th\u1ef1c v\u1eadt. .","robots":{"index":"index","follow":"follow","max-snippet":"max-snippet:-1","max-image-preview":"max-image-preview:large","max-video-preview":"max-video-preview:-1"},"canonical":"https:\/\/geminight.azdigi.shop\/index.php\/product\/celeste-candles\/","og_locale":"vi_VN","og_type":"article","og_title":"Celeste Candles - GEMINIGHT","og_description":"Trong nh\u1ecbp s\u1ed1ng hi\u1ec7n t\u1ea1i, Celeste Candles mang \u0111\u1ebfn tr\u1ea3i nghi\u1ec7m n\u1ebfn th\u01a1m handmade xanh, k\u1ebft h\u1ee3p nguy\u00ean li\u1ec7u t\u1ef1 nhi\u00ean v\u00e0 tinh d\u1ea7u th\u1ef1c v\u1eadt. .","og_url":"https:\/\/geminight.azdigi.shop\/index.php\/product\/celeste-candles\/","og_site_name":"GEMINIGHT","og_image":[{"width":736,"height":736,"url":"https:\/\/geminight.azdigi.shop\/wp-content\/uploads\/2026\/04\/d6359436451aae8e8d7ede3c35d37fac.jpg","type":"image\/jpeg"}],"twitter_card":"summary_large_image","twitter_misc":{"\u01af\u1edbc t\u00ednh th\u1eddi gian \u0111\u1ecdc":"2 ph\u00fat"},"schema":{"@context":"https:\/\/schema.org","@graph":[{"@type":"WebPage","@id":"https:\/\/geminight.azdigi.shop\/index.php\/product\/celeste-candles\/","url":"https:\/\/geminight.azdigi.shop\/index.php\/product\/celeste-candles\/","name":"Celeste Candles - GEMINIGHT","isPartOf":{"@id":"https:\/\/geminight.azdigi.shop\/#website"},"primaryImageOfPage":{"@id":"https:\/\/geminight.azdigi.shop\/index.php\/product\/celeste-candles\/#primaryimage"},"image":{"@id":"https:\/\/geminight.azdigi.shop\/index.php\/product\/celeste-candles\/#primaryimage"},"thumbnailUrl":"https:\/\/geminight.azdigi.shop\/wp-content\/uploads\/2026\/04\/d6359436451aae8e8d7ede3c35d37fac.jpg","datePublished":"2026-04-04T15:41:06+00:00","description":"Trong nh\u1ecbp s\u1ed1ng hi\u1ec7n t\u1ea1i, Celeste Candles mang \u0111\u1ebfn tr\u1ea3i nghi\u1ec7m n\u1ebfn th\u01a1m handmade xanh, k\u1ebft h\u1ee3p nguy\u00ean li\u1ec7u t\u1ef1 nhi\u00ean v\u00e0 tinh d\u1ea7u th\u1ef1c v\u1eadt. .","breadcrumb":{"@id":"https:\/\/geminight.azdigi.shop\/index.php\/product\/celeste-candles\/#breadcrumb"},"inLanguage":"vi","potentialAction":[{"@type":"ReadAction","target":["https:\/\/geminight.azdigi.shop\/index.php\/product\/celeste-candles\/"]}]},{"@type":"ImageObject","inLanguage":"vi","@id":"https:\/\/geminight.azdigi.shop\/index.php\/product\/celeste-candles\/#primaryimage","url":"https:\/\/geminight.azdigi.shop\/wp-content\/uploads\/2026\/04\/d6359436451aae8e8d7ede3c35d37fac.jpg","contentUrl":"https:\/\/geminight.azdigi.shop\/wp-content\/uploads\/2026\/04\/d6359436451aae8e8d7ede3c35d37fac.jpg","width":736,"height":736},{"@type":"BreadcrumbList","@id":"https:\/\/geminight.azdigi.shop\/index.php\/product\/celeste-candles\/#breadcrumb","itemListElement":[{"@type":"ListItem","position":1,"name":"Home","item":"https:\/\/geminight.azdigi.shop\/"},{"@type":"ListItem","position":2,"name":"Shop","item":"https:\/\/geminight.azdigi.shop\/index.php\/shop\/"},{"@type":"ListItem","position":3,"name":"Celeste Candles"}]},{"@type":"WebSite","@id":"https:\/\/geminight.azdigi.shop\/#website","url":"https:\/\/geminight.azdigi.shop\/","name":"GEMINIGHT","description":"","potentialAction":[{"@type":"SearchAction","target":{"@type":"EntryPoint","urlTemplate":"https:\/\/geminight.azdigi.shop\/?s={search_term_string}"},"query-input":{"@type":"PropertyValueSpecification","valueRequired":true,"valueName":"search_term_string"}}],"inLanguage":"vi"}]}},"_links":{"self":[{"href":"https:\/\/geminight.azdigi.shop\/index.php\/wp-json\/wp\/v2\/product\/639","targetHints":{"allow":["GET"]}}],"collection":[{"href":"https:\/\/geminight.azdigi.shop\/index.php\/wp-json\/wp\/v2\/product"}],"about":[{"href":"https:\/\/geminight.azdigi.shop\/index.php\/wp-json\/wp\/v2\/types\/product"}],"replies":[{"embeddable":true,"href":"https:\/\/geminight.azdigi.shop\/index.php\/wp-json\/wp\/v2\/comments?post=639"}],"wp:featuredmedia":[{"embeddable":true,"href":"https:\/\/geminight.azdigi.shop\/index.php\/wp-json\/wp\/v2\/media\/641"}],"wp:attachment":[{"href":"https:\/\/geminight.azdigi.shop\/index.php\/wp-json\/wp\/v2\/media?parent=639"}],"wp:term":[{"taxonomy":"product_brand","embeddable":true,"href":"https:\/\/geminight.azdigi.shop\/index.php\/wp-json\/wp\/v2\/product_brand?post=639"},{"taxonomy":"product_cat","embeddable":true,"href":"https:\/\/geminight.azdigi.shop\/index.php\/wp-json\/wp\/v2\/product_cat?post=639"},{"taxonomy":"product_tag","embeddable":true,"href":"https:\/\/geminight.azdigi.shop\/index.php\/wp-json\/wp\/v2\/product_tag?post=639"}],"curies":[{"name":"wp","href":"https:\/\/api.w.org\/{rel}","templated":true}]}}