{"id":572,"date":"2026-04-03T16:40:44","date_gmt":"2026-04-03T16:40:44","guid":{"rendered":"https:\/\/geminight.azdigi.shop\/?post_type=product&#038;p=572"},"modified":"2026-04-03T16:42:28","modified_gmt":"2026-04-03T16:42:28","slug":"lumiere-diffuser","status":"publish","type":"product","link":"https:\/\/geminight.azdigi.shop\/index.php\/product\/lumiere-diffuser\/","title":{"rendered":"Lumi\u00e8re Diffuser"},"content":{"rendered":"<h1 style=\"text-align: center;\"><span style=\"color: #000000;\">\ud83c\udf39 <\/span><strong><span style=\"color: #000000;\">Lumi\u00e8re Diffuser<\/span>\u00a0<\/strong><\/h1>\n<p style=\"text-align: center;\"><span style=\"font-size: 115%;\"><em><span style=\"color: #000000;\"><strong>Lumi\u00e8re Diffuser<\/strong><\/span><\/em>\u00a0l\u00e0 s\u1ef1 k\u1ebft h\u1ee3p tinh t\u1ebf gi\u1eefa h\u01b0\u01a1ng g\u1ed7 \u0111\u00e0n h\u01b0\u01a1ng \u1ea5m \u00e1p v\u00e0 hoa h\u1ed3ng ng\u1ecdt ng\u00e0o. S\u1ea3n ph\u1ea9m mang \u0111\u1ebfn kh\u00f4ng gian th\u01b0 gi\u00e3n, sang tr\u1ecdng v\u00e0 l\u00e3ng m\u1ea1n, \u0111\u1ed3ng th\u1eddi th\u1ec3 hi\u1ec7n phong c\u00e1ch s\u1ed1ng xanh v\u1edbi tinh d\u1ea7u thi\u00ean nhi\u00ean v\u00e0 thi\u1ebft k\u1ebf ngh\u1ec7 thu\u1eadt.<\/span><\/p>\n<h2><strong><span style=\"font-size: 115%; color: #000000;\">Th\u00f4ng tin s\u1ea3n ph\u1ea9m<\/span><\/strong><\/h2>\n<ul>\n<li><span style=\"font-size: 115%;\"><strong><span style=\"color: #000000;\">T\u00ean s\u1ea3n ph\u1ea9m<\/span>:<\/strong> Lumi\u00e8re Diffuser\u00a0<\/span><\/li>\n<li><span style=\"font-size: 115%;\"><strong><span style=\"color: #000000;\">Dung t\u00edch<\/span>:<\/strong> 110ml<\/span><\/li>\n<li><span style=\"font-size: 115%; color: #000000;\"><strong>Th\u00e0nh ph\u1ea7n h\u01b0\u01a1ng th\u01a1m t\u1eeb tinh d\u1ea7u:<\/strong><\/span>\n<ul>\n<li><span style=\"font-size: 115%;\"><span style=\"color: #000000;\"><strong>Sandalwood (g\u1ed7 \u0111\u00e0n h\u01b0\u01a1ng):<\/strong><\/span> h\u01b0\u01a1ng g\u1ed7 \u1ea5m \u00e1p, sang tr\u1ecdng, gi\u00fap c\u00e2n b\u1eb1ng tinh th\u1ea7n.<\/span><\/li>\n<li><span style=\"font-size: 115%;\"><span style=\"color: #000000;\"><strong>Rose (hoa h\u1ed3ng):<\/strong><\/span> h\u01b0\u01a1ng hoa ng\u1ecdt ng\u00e0o, l\u00e3ng m\u1ea1n, t\u1ea1o c\u1ea3m gi\u00e1c th\u01b0 th\u00e1i.<\/span><\/li>\n<li><span style=\"font-size: 115%;\"><strong><span style=\"color: #000000;\">Floral Notes<\/span>:<\/strong> \u0111i\u1ec3m nh\u1ea5n hoa kh\u00f4 t\u1ef1 nhi\u00ean, t\u0103ng chi\u1ec1u s\u00e2u cho h\u01b0\u01a1ng th\u01a1m.<\/span><\/li>\n<\/ul>\n<\/li>\n<li><span style=\"font-size: 115%; color: #000000;\"><strong>Thi\u1ebft k\u1ebf:<\/strong><\/span>\n<ul>\n<li><span style=\"font-size: 115%;\">L\u1ecd th\u1ee7y tinh vu\u00f4ng tr\u1eafng sang tr\u1ecdng, n\u1eafp v\u00e0ng tinh t\u1ebf.<\/span><\/li>\n<li><span style=\"font-size: 115%;\">H\u1ed9p gi\u1ea5y m\u00e0u h\u1ed3ng pastel v\u1edbi h\u1ecda ti\u1ebft hoa kh\u00f4, mang phong c\u00e1ch hi\u1ec7n \u0111\u1ea1i v\u00e0 ngh\u1ec7 thu\u1eadt.<\/span><\/li>\n<li><span style=\"font-size: 115%;\">B\u1ed9 que khu\u1ebfch t\u00e1n h\u01b0\u01a1ng c\u00f9ng hoa kh\u00f4 trang tr\u00ed, gi\u00fap h\u01b0\u01a1ng th\u01a1m lan t\u1ecfa \u0111\u1ec1u kh\u1eafp kh\u00f4ng gian.<\/span><\/li>\n<\/ul>\n<\/li>\n<\/ul>\n<h2><strong><span style=\"font-size: 115%; color: #000000;\">\u01afu \u0111i\u1ec3m n\u1ed5i b\u1eadt<\/span><\/strong><\/h2>\n<ul>\n<li><span style=\"font-size: 115%;\"><span style=\"color: #000000;\"><strong>H\u01b0\u01a1ng th\u01a1m sang tr\u1ecdng:<\/strong> <\/span>k\u1ebft h\u1ee3p g\u1ed7 \u0111\u00e0n h\u01b0\u01a1ng v\u00e0 hoa h\u1ed3ng, mang l\u1ea1i s\u1ef1 c\u00e2n b\u1eb1ng ho\u00e0n h\u1ea3o.<\/span><\/li>\n<li><span style=\"font-size: 115%;\"><span style=\"color: #000000;\"><strong>Thi\u1ebft k\u1ebf tinh t\u1ebf:<\/strong><\/span> ph\u00f9 h\u1ee3p trang tr\u00ed ph\u00f2ng kh\u00e1ch, ph\u00f2ng ng\u1ee7, v\u0103n ph\u00f2ng.<\/span><\/li>\n<li><span style=\"font-size: 115%;\"><strong><span style=\"color: #000000;\">Th\u00e2n thi\u1ec7n m\u00f4i tr\u01b0\u1eddng<\/span>:<\/strong> s\u1eed d\u1ee5ng tinh d\u1ea7u t\u1ef1 nhi\u00ean, an to\u00e0n cho s\u1ee9c kh\u1ecfe.<\/span><\/li>\n<li><span style=\"font-size: 115%;\"><strong><span style=\"color: #000000;\">Qu\u00e0 t\u1eb7ng \u00fd ngh\u0129a<\/span>:<\/strong> th\u00edch h\u1ee3p l\u00e0m qu\u00e0 cho ng\u01b0\u1eddi th\u00e2n, b\u1ea1n b\u00e8 ho\u1eb7c \u0111\u1ed1i t\u00e1c.<\/span><\/li>\n<\/ul>\n<h2><span style=\"color: #000000;\"><strong><span style=\"font-size: 115%;\">\u00dd ngh\u0129a s\u1ea3n ph\u1ea9m<\/span><\/strong><\/span><\/h2>\n<p><span style=\"font-size: 115%;\"><span style=\"color: #000000;\"><strong>Lumi\u00e8re Diffuser <\/strong><\/span>\u00a0kh\u00f4ng ch\u1ec9 l\u00e0 s\u1ea3n ph\u1ea9m khu\u1ebfch t\u00e1n h\u01b0\u01a1ng th\u01a1m, m\u00e0 c\u00f2n l\u00e0 bi\u1ec3u t\u01b0\u1ee3ng c\u1ee7a s\u1ef1 tinh t\u1ebf v\u00e0 phong c\u00e1ch s\u1ed1ng xanh. M\u1ed7i l\u1ea7n h\u00edt th\u1edf h\u01b0\u01a1ng th\u01a1m t\u1eeb <strong><em><span style=\"color: #000000;\">Lumi\u00e8re<\/span><\/em><\/strong>, b\u1ea1n s\u1ebd c\u1ea3m nh\u1eadn \u0111\u01b0\u1ee3c s\u1ef1 b\u00ecnh y\u00ean, th\u01b0 gi\u00e3n v\u00e0 ngu\u1ed3n n\u0103ng l\u01b0\u1ee3ng t\u00edch c\u1ef1c.<\/span><\/p>\n<p style=\"text-align: center;\"><span style=\"font-size: 115%; color: #000000;\">\u2728 <strong>Lumi\u00e8re \u2013 \u00c1nh s\u00e1ng h\u01b0\u01a1ng th\u01a1m, th\u1eafp s\u00e1ng kh\u00f4ng gian s\u1ed1ng.<\/strong><\/span><\/p>\n<h2><span style=\"color: #000000;\"><strong><span style=\"font-size: 115%;\">LI\u00caN H\u1ec6 V\u1edaI CH\u00daNG T\u00d4I<\/span><\/strong><\/span><\/h2>\n<style id=\"wpforms-css-vars-285\">\n\t\t\t\t#wpforms-285 {\n\t\t\t\t--wpforms-container-padding: 0px;\n--wpforms-container-border-width: 1px;\n--wpforms-container-border-radius: 3px;\n--wpforms-background-color: rgba(0, 0, 0, 0);\n--wpforms-field-size-input-height: 43px;\n--wpforms-field-size-input-spacing: 15px;\n--wpforms-field-size-font-size: 16px;\n--wpforms-field-size-line-height: 19px;\n--wpforms-field-size-padding-h: 14px;\n--wpforms-field-size-checkbox-size: 16px;\n--wpforms-field-size-sublabel-spacing: 5px;\n--wpforms-field-size-icon-size: 1;\n--wpforms-label-size-font-size: 16px;\n--wpforms-label-size-line-height: 19px;\n--wpforms-label-size-sublabel-font-size: 14px;\n--wpforms-label-size-sublabel-line-height: 17px;\n--wpforms-button-size-font-size: 17px;\n--wpforms-button-size-height: 41px;\n--wpforms-button-size-padding-h: 15px;\n--wpforms-button-size-margin-top: 10px;\n--wpforms-container-shadow-size-box-shadow: none;\n\t\t\t}\n\t\t\t<\/style><div class=\"wpforms-container wpforms-container-full wpforms-render-modern\" id=\"wpforms-285\"><form id=\"wpforms-form-285\" class=\"wpforms-validate wpforms-form wpforms-ajax-form\" data-formid=\"285\" method=\"post\" enctype=\"multipart\/form-data\" action=\"\/index.php\/wp-json\/wp\/v2\/product\/572\" data-token=\"8b689264aad056db36fa8f4cbae57389\" data-token-time=\"1776961689\"><noscript class=\"wpforms-error-noscript\">Vui l\u00f2ng b\u1eadt JavaScript trong tr\u00ecnh duy\u1ec7t c\u1ee7a b\u1ea1n \u0111\u1ec3 ho\u00e0n th\u00e0nh Form n\u00e0y.<\/noscript><div id=\"wpforms-error-noscript\" style=\"display: none;\">Vui l\u00f2ng b\u1eadt JavaScript trong tr\u00ecnh duy\u1ec7t c\u1ee7a b\u1ea1n \u0111\u1ec3 ho\u00e0n th\u00e0nh Form n\u00e0y.<\/div><div class=\"wpforms-field-container\"><div id=\"wpforms-285-field_1-container\" class=\"wpforms-field wpforms-field-name\" data-field-id=\"1\"><fieldset><legend class=\"wpforms-field-label\">Name <span class=\"wpforms-required-label\" aria-hidden=\"true\">*<\/span><\/legend><div class=\"wpforms-field-row wpforms-field-medium\"><div class=\"wpforms-field-row-block wpforms-first wpforms-one-half\"><input type=\"text\" id=\"wpforms-285-field_1\" class=\"wpforms-field-name-first wpforms-field-required\" name=\"wpforms[fields][1][first]\" aria-errormessage=\"wpforms-285-field_1-error\" required><label for=\"wpforms-285-field_1\" class=\"wpforms-field-sublabel after\">T\u00ean<\/label><\/div><div class=\"wpforms-field-row-block wpforms-one-half\"><input type=\"text\" id=\"wpforms-285-field_1-last\" class=\"wpforms-field-name-last wpforms-field-required\" name=\"wpforms[fields][1][last]\" aria-errormessage=\"wpforms-285-field_1-last-error\" required><label for=\"wpforms-285-field_1-last\" class=\"wpforms-field-sublabel after\">H\u1ecd<\/label><\/div><\/div><\/fieldset><\/div>\t\t<div id=\"wpforms-285-field_4-container\"\n\t\t\tclass=\"wpforms-field wpforms-field-text\"\n\t\t\tdata-field-type=\"text\"\n\t\t\tdata-field-id=\"4\"\n\t\t\t>\n\t\t\t<label class=\"wpforms-field-label\" for=\"wpforms-285-field_4\" >or Email Message<\/label>\n\t\t\t<input type=\"text\" id=\"wpforms-285-field_4\" class=\"wpforms-field-medium\" name=\"wpforms[fields][4]\" >\n\t\t<\/div>\n\t\t<div id=\"wpforms-285-field_2-container\" class=\"wpforms-field wpforms-field-email\" data-field-id=\"2\"><label class=\"wpforms-field-label\" for=\"wpforms-285-field_2\">Email <span class=\"wpforms-required-label\" aria-hidden=\"true\">*<\/span><\/label><input type=\"email\" id=\"wpforms-285-field_2\" class=\"wpforms-field-medium wpforms-field-required\" name=\"wpforms[fields][2]\" spellcheck=\"false\" aria-errormessage=\"wpforms-285-field_2-error\" required><\/div><div id=\"wpforms-285-field_3-container\" class=\"wpforms-field wpforms-field-textarea\" data-field-id=\"3\"><label class=\"wpforms-field-label\" for=\"wpforms-285-field_3\">Comment or Message<\/label><textarea id=\"wpforms-285-field_3\" class=\"wpforms-field-medium\" name=\"wpforms[fields][3]\" aria-errormessage=\"wpforms-285-field_3-error\" ><\/textarea><\/div><script>\n\t\t\t\t( function() {\n\t\t\t\t\tconst style = document.createElement( 'style' );\n\t\t\t\t\tstyle.appendChild( document.createTextNode( '#wpforms-285-field_4-container { position: absolute !important; overflow: hidden !important; display: inline !important; height: 1px !important; width: 1px !important; z-index: -1000 !important; padding: 0 !important; } #wpforms-285-field_4-container input { visibility: hidden; } #wpforms-conversational-form-page #wpforms-285-field_4-container label { counter-increment: none; }' ) );\n\t\t\t\t\tdocument.head.appendChild( style );\n\t\t\t\t\tdocument.currentScript?.remove();\n\t\t\t\t} )();\n\t\t\t<\/script><\/div><!-- .wpforms-field-container --><div class=\"wpforms-submit-container\" ><input type=\"hidden\" name=\"wpforms[id]\" value=\"285\"><input type=\"hidden\" name=\"page_title\" value=\"\"><input type=\"hidden\" name=\"page_url\" value=\"https:\/\/geminight.azdigi.shop\/index.php\/wp-json\/wp\/v2\/product\/572\"><input type=\"hidden\" name=\"url_referer\" value=\"\"><button type=\"submit\" name=\"wpforms[submit]\" id=\"wpforms-submit-285\" class=\"wpforms-submit\" data-alt-text=\"Sending...\" data-submit-text=\"Submit\" aria-live=\"assertive\" value=\"wpforms-submit\">Submit<\/button><img loading=\"lazy\" decoding=\"async\" src=\"https:\/\/geminight.azdigi.shop\/wp-content\/plugins\/wpforms-lite\/assets\/images\/submit-spin.svg\" class=\"wpforms-submit-spinner\" style=\"display: none;\" width=\"26\" height=\"26\" alt=\"\u0110ang t\u1ea3i\"><\/div><\/form><\/div>  <!-- .wpforms-container -->\n<p><img loading=\"lazy\" decoding=\"async\" class=\" wp-image-249 aligncenter\" src=\"https:\/\/geminight.azdigi.shop\/wp-content\/uploads\/2026\/03\/new_collection__7_-removebg-preview-300x150.png\" alt=\"\" width=\"336\" height=\"168\" srcset=\"https:\/\/geminight.azdigi.shop\/wp-content\/uploads\/2026\/03\/new_collection__7_-removebg-preview-300x150.png 300w, https:\/\/geminight.azdigi.shop\/wp-content\/uploads\/2026\/03\/new_collection__7_-removebg-preview-600x300.png 600w, https:\/\/geminight.azdigi.shop\/wp-content\/uploads\/2026\/03\/new_collection__7_-removebg-preview.png 707w\" sizes=\"auto, (max-width: 336px) 100vw, 336px\" \/><\/p>\n<p>&nbsp;<\/p>\n","protected":false},"excerpt":{"rendered":"<p>\ud83c\udf39 Lumi\u00e8re Diffuser\u00a0 Lumi\u00e8re Diffuser\u00a0l\u00e0 s\u1ef1 k\u1ebft h\u1ee3p tinh t\u1ebf gi\u1eefa h\u01b0\u01a1ng g\u1ed7 \u0111\u00e0n h\u01b0\u01a1ng \u1ea5m \u00e1p v\u00e0 hoa h\u1ed3ng ng\u1ecdt ng\u00e0o. S\u1ea3n ph\u1ea9m mang \u0111\u1ebfn kh\u00f4ng gian th\u01b0 gi\u00e3n, sang tr\u1ecdng v\u00e0 l\u00e3ng m\u1ea1n, \u0111\u1ed3ng th\u1eddi th\u1ec3 hi\u1ec7n phong c\u00e1ch s\u1ed1ng xanh v\u1edbi tinh d\u1ea7u thi\u00ean nhi\u00ean v\u00e0 thi\u1ebft k\u1ebf ngh\u1ec7 thu\u1eadt. Th\u00f4ng tin [&#8230;]\n","protected":false},"featured_media":574,"comment_status":"open","ping_status":"closed","template":"","meta":[],"product_brand":[],"product_cat":[51],"product_tag":[],"class_list":{"0":"post-572","1":"product","2":"type-product","3":"status-publish","4":"has-post-thumbnail","6":"product_cat-lumiere-diffuser","8":"first","9":"instock","10":"sale","11":"shipping-taxable","12":"purchasable","13":"product-type-variable"},"yoast_head":"<!-- This site is optimized with the Yoast SEO plugin v27.1.1 - https:\/\/yoast.com\/product\/yoast-seo-wordpress\/ -->\n<title>Lumi\u00e8re Diffuser - GEMINIGHT<\/title>\n<meta name=\"description\" content=\"Lumi\u00e8re Diffuser\u00a0l\u00e0 s\u1ef1 k\u1ebft h\u1ee3p tinh t\u1ebf gi\u1eefa h\u01b0\u01a1ng g\u1ed7 \u0111\u00e0n h\u01b0\u01a1ng \u1ea5m \u00e1p v\u00e0 hoa h\u1ed3ng ng\u1ecdt ng\u00e0o. S\u1ea3n ph\u1ea9m mang \u0111\u1ebfn kh\u00f4ng gian th\u01b0 gi\u00e3n, sang tr\u1ecdng v\u00e0 l\u00e3ng m\u1ea1n\" \/>\n<meta name=\"robots\" content=\"index, follow, max-snippet:-1, max-image-preview:large, max-video-preview:-1\" \/>\n<link rel=\"canonical\" href=\"https:\/\/geminight.azdigi.shop\/index.php\/product\/lumiere-diffuser\/\" \/>\n<meta property=\"og:locale\" content=\"vi_VN\" \/>\n<meta property=\"og:type\" content=\"article\" \/>\n<meta property=\"og:title\" content=\"Lumi\u00e8re Diffuser - GEMINIGHT\" \/>\n<meta property=\"og:description\" content=\"Lumi\u00e8re Diffuser\u00a0l\u00e0 s\u1ef1 k\u1ebft h\u1ee3p tinh t\u1ebf gi\u1eefa h\u01b0\u01a1ng g\u1ed7 \u0111\u00e0n h\u01b0\u01a1ng \u1ea5m \u00e1p v\u00e0 hoa h\u1ed3ng ng\u1ecdt ng\u00e0o. S\u1ea3n ph\u1ea9m mang \u0111\u1ebfn kh\u00f4ng gian th\u01b0 gi\u00e3n, sang tr\u1ecdng v\u00e0 l\u00e3ng m\u1ea1n\" \/>\n<meta property=\"og:url\" content=\"https:\/\/geminight.azdigi.shop\/index.php\/product\/lumiere-diffuser\/\" \/>\n<meta property=\"og:site_name\" content=\"GEMINIGHT\" \/>\n<meta property=\"article:modified_time\" content=\"2026-04-03T16:42:28+00:00\" \/>\n<meta property=\"og:image\" content=\"https:\/\/geminight.azdigi.shop\/wp-content\/uploads\/2026\/04\/9b87ae1be93a7b4059e9075e55fe0969.jpg\" \/>\n\t<meta property=\"og:image:width\" content=\"1200\" \/>\n\t<meta property=\"og:image:height\" content=\"1200\" \/>\n\t<meta property=\"og:image:type\" content=\"image\/jpeg\" \/>\n<meta name=\"twitter:card\" content=\"summary_large_image\" \/>\n<meta name=\"twitter:label1\" content=\"\u01af\u1edbc t\u00ednh th\u1eddi gian \u0111\u1ecdc\" \/>\n\t<meta name=\"twitter:data1\" content=\"2 ph\u00fat\" \/>\n<script type=\"application\/ld+json\" class=\"yoast-schema-graph\">{\"@context\":\"https:\/\/schema.org\",\"@graph\":[{\"@type\":\"WebPage\",\"@id\":\"https:\/\/geminight.azdigi.shop\/index.php\/product\/lumiere-diffuser\/\",\"url\":\"https:\/\/geminight.azdigi.shop\/index.php\/product\/lumiere-diffuser\/\",\"name\":\"Lumi\u00e8re Diffuser - GEMINIGHT\",\"isPartOf\":{\"@id\":\"https:\/\/geminight.azdigi.shop\/#website\"},\"primaryImageOfPage\":{\"@id\":\"https:\/\/geminight.azdigi.shop\/index.php\/product\/lumiere-diffuser\/#primaryimage\"},\"image\":{\"@id\":\"https:\/\/geminight.azdigi.shop\/index.php\/product\/lumiere-diffuser\/#primaryimage\"},\"thumbnailUrl\":\"https:\/\/geminight.azdigi.shop\/wp-content\/uploads\/2026\/04\/9b87ae1be93a7b4059e9075e55fe0969.jpg\",\"datePublished\":\"2026-04-03T16:40:44+00:00\",\"dateModified\":\"2026-04-03T16:42:28+00:00\",\"description\":\"Lumi\u00e8re Diffuser\u00a0l\u00e0 s\u1ef1 k\u1ebft h\u1ee3p tinh t\u1ebf gi\u1eefa h\u01b0\u01a1ng g\u1ed7 \u0111\u00e0n h\u01b0\u01a1ng \u1ea5m \u00e1p v\u00e0 hoa h\u1ed3ng ng\u1ecdt ng\u00e0o. S\u1ea3n ph\u1ea9m mang \u0111\u1ebfn kh\u00f4ng gian th\u01b0 gi\u00e3n, sang tr\u1ecdng v\u00e0 l\u00e3ng m\u1ea1n\",\"breadcrumb\":{\"@id\":\"https:\/\/geminight.azdigi.shop\/index.php\/product\/lumiere-diffuser\/#breadcrumb\"},\"inLanguage\":\"vi\",\"potentialAction\":[{\"@type\":\"ReadAction\",\"target\":[\"https:\/\/geminight.azdigi.shop\/index.php\/product\/lumiere-diffuser\/\"]}]},{\"@type\":\"ImageObject\",\"inLanguage\":\"vi\",\"@id\":\"https:\/\/geminight.azdigi.shop\/index.php\/product\/lumiere-diffuser\/#primaryimage\",\"url\":\"https:\/\/geminight.azdigi.shop\/wp-content\/uploads\/2026\/04\/9b87ae1be93a7b4059e9075e55fe0969.jpg\",\"contentUrl\":\"https:\/\/geminight.azdigi.shop\/wp-content\/uploads\/2026\/04\/9b87ae1be93a7b4059e9075e55fe0969.jpg\",\"width\":1200,\"height\":1200},{\"@type\":\"BreadcrumbList\",\"@id\":\"https:\/\/geminight.azdigi.shop\/index.php\/product\/lumiere-diffuser\/#breadcrumb\",\"itemListElement\":[{\"@type\":\"ListItem\",\"position\":1,\"name\":\"Home\",\"item\":\"https:\/\/geminight.azdigi.shop\/\"},{\"@type\":\"ListItem\",\"position\":2,\"name\":\"Shop\",\"item\":\"https:\/\/geminight.azdigi.shop\/index.php\/shop\/\"},{\"@type\":\"ListItem\",\"position\":3,\"name\":\"Lumi\u00e8re Diffuser\"}]},{\"@type\":\"WebSite\",\"@id\":\"https:\/\/geminight.azdigi.shop\/#website\",\"url\":\"https:\/\/geminight.azdigi.shop\/\",\"name\":\"GEMINIGHT\",\"description\":\"\",\"potentialAction\":[{\"@type\":\"SearchAction\",\"target\":{\"@type\":\"EntryPoint\",\"urlTemplate\":\"https:\/\/geminight.azdigi.shop\/?s={search_term_string}\"},\"query-input\":{\"@type\":\"PropertyValueSpecification\",\"valueRequired\":true,\"valueName\":\"search_term_string\"}}],\"inLanguage\":\"vi\"}]}<\/script>\n<!-- \/ Yoast SEO plugin. -->","yoast_head_json":{"title":"Lumi\u00e8re Diffuser - GEMINIGHT","description":"Lumi\u00e8re Diffuser\u00a0l\u00e0 s\u1ef1 k\u1ebft h\u1ee3p tinh t\u1ebf gi\u1eefa h\u01b0\u01a1ng g\u1ed7 \u0111\u00e0n h\u01b0\u01a1ng \u1ea5m \u00e1p v\u00e0 hoa h\u1ed3ng ng\u1ecdt ng\u00e0o. S\u1ea3n ph\u1ea9m mang \u0111\u1ebfn kh\u00f4ng gian th\u01b0 gi\u00e3n, sang tr\u1ecdng v\u00e0 l\u00e3ng m\u1ea1n","robots":{"index":"index","follow":"follow","max-snippet":"max-snippet:-1","max-image-preview":"max-image-preview:large","max-video-preview":"max-video-preview:-1"},"canonical":"https:\/\/geminight.azdigi.shop\/index.php\/product\/lumiere-diffuser\/","og_locale":"vi_VN","og_type":"article","og_title":"Lumi\u00e8re Diffuser - GEMINIGHT","og_description":"Lumi\u00e8re Diffuser\u00a0l\u00e0 s\u1ef1 k\u1ebft h\u1ee3p tinh t\u1ebf gi\u1eefa h\u01b0\u01a1ng g\u1ed7 \u0111\u00e0n h\u01b0\u01a1ng \u1ea5m \u00e1p v\u00e0 hoa h\u1ed3ng ng\u1ecdt ng\u00e0o. S\u1ea3n ph\u1ea9m mang \u0111\u1ebfn kh\u00f4ng gian th\u01b0 gi\u00e3n, sang tr\u1ecdng v\u00e0 l\u00e3ng m\u1ea1n","og_url":"https:\/\/geminight.azdigi.shop\/index.php\/product\/lumiere-diffuser\/","og_site_name":"GEMINIGHT","article_modified_time":"2026-04-03T16:42:28+00:00","og_image":[{"width":1200,"height":1200,"url":"https:\/\/geminight.azdigi.shop\/wp-content\/uploads\/2026\/04\/9b87ae1be93a7b4059e9075e55fe0969.jpg","type":"image\/jpeg"}],"twitter_card":"summary_large_image","twitter_misc":{"\u01af\u1edbc t\u00ednh th\u1eddi gian \u0111\u1ecdc":"2 ph\u00fat"},"schema":{"@context":"https:\/\/schema.org","@graph":[{"@type":"WebPage","@id":"https:\/\/geminight.azdigi.shop\/index.php\/product\/lumiere-diffuser\/","url":"https:\/\/geminight.azdigi.shop\/index.php\/product\/lumiere-diffuser\/","name":"Lumi\u00e8re Diffuser - GEMINIGHT","isPartOf":{"@id":"https:\/\/geminight.azdigi.shop\/#website"},"primaryImageOfPage":{"@id":"https:\/\/geminight.azdigi.shop\/index.php\/product\/lumiere-diffuser\/#primaryimage"},"image":{"@id":"https:\/\/geminight.azdigi.shop\/index.php\/product\/lumiere-diffuser\/#primaryimage"},"thumbnailUrl":"https:\/\/geminight.azdigi.shop\/wp-content\/uploads\/2026\/04\/9b87ae1be93a7b4059e9075e55fe0969.jpg","datePublished":"2026-04-03T16:40:44+00:00","dateModified":"2026-04-03T16:42:28+00:00","description":"Lumi\u00e8re Diffuser\u00a0l\u00e0 s\u1ef1 k\u1ebft h\u1ee3p tinh t\u1ebf gi\u1eefa h\u01b0\u01a1ng g\u1ed7 \u0111\u00e0n h\u01b0\u01a1ng \u1ea5m \u00e1p v\u00e0 hoa h\u1ed3ng ng\u1ecdt ng\u00e0o. S\u1ea3n ph\u1ea9m mang \u0111\u1ebfn kh\u00f4ng gian th\u01b0 gi\u00e3n, sang tr\u1ecdng v\u00e0 l\u00e3ng m\u1ea1n","breadcrumb":{"@id":"https:\/\/geminight.azdigi.shop\/index.php\/product\/lumiere-diffuser\/#breadcrumb"},"inLanguage":"vi","potentialAction":[{"@type":"ReadAction","target":["https:\/\/geminight.azdigi.shop\/index.php\/product\/lumiere-diffuser\/"]}]},{"@type":"ImageObject","inLanguage":"vi","@id":"https:\/\/geminight.azdigi.shop\/index.php\/product\/lumiere-diffuser\/#primaryimage","url":"https:\/\/geminight.azdigi.shop\/wp-content\/uploads\/2026\/04\/9b87ae1be93a7b4059e9075e55fe0969.jpg","contentUrl":"https:\/\/geminight.azdigi.shop\/wp-content\/uploads\/2026\/04\/9b87ae1be93a7b4059e9075e55fe0969.jpg","width":1200,"height":1200},{"@type":"BreadcrumbList","@id":"https:\/\/geminight.azdigi.shop\/index.php\/product\/lumiere-diffuser\/#breadcrumb","itemListElement":[{"@type":"ListItem","position":1,"name":"Home","item":"https:\/\/geminight.azdigi.shop\/"},{"@type":"ListItem","position":2,"name":"Shop","item":"https:\/\/geminight.azdigi.shop\/index.php\/shop\/"},{"@type":"ListItem","position":3,"name":"Lumi\u00e8re Diffuser"}]},{"@type":"WebSite","@id":"https:\/\/geminight.azdigi.shop\/#website","url":"https:\/\/geminight.azdigi.shop\/","name":"GEMINIGHT","description":"","potentialAction":[{"@type":"SearchAction","target":{"@type":"EntryPoint","urlTemplate":"https:\/\/geminight.azdigi.shop\/?s={search_term_string}"},"query-input":{"@type":"PropertyValueSpecification","valueRequired":true,"valueName":"search_term_string"}}],"inLanguage":"vi"}]}},"_links":{"self":[{"href":"https:\/\/geminight.azdigi.shop\/index.php\/wp-json\/wp\/v2\/product\/572","targetHints":{"allow":["GET"]}}],"collection":[{"href":"https:\/\/geminight.azdigi.shop\/index.php\/wp-json\/wp\/v2\/product"}],"about":[{"href":"https:\/\/geminight.azdigi.shop\/index.php\/wp-json\/wp\/v2\/types\/product"}],"replies":[{"embeddable":true,"href":"https:\/\/geminight.azdigi.shop\/index.php\/wp-json\/wp\/v2\/comments?post=572"}],"wp:featuredmedia":[{"embeddable":true,"href":"https:\/\/geminight.azdigi.shop\/index.php\/wp-json\/wp\/v2\/media\/574"}],"wp:attachment":[{"href":"https:\/\/geminight.azdigi.shop\/index.php\/wp-json\/wp\/v2\/media?parent=572"}],"wp:term":[{"taxonomy":"product_brand","embeddable":true,"href":"https:\/\/geminight.azdigi.shop\/index.php\/wp-json\/wp\/v2\/product_brand?post=572"},{"taxonomy":"product_cat","embeddable":true,"href":"https:\/\/geminight.azdigi.shop\/index.php\/wp-json\/wp\/v2\/product_cat?post=572"},{"taxonomy":"product_tag","embeddable":true,"href":"https:\/\/geminight.azdigi.shop\/index.php\/wp-json\/wp\/v2\/product_tag?post=572"}],"curies":[{"name":"wp","href":"https:\/\/api.w.org\/{rel}","templated":true}]}}