{"id":537,"date":"2026-04-03T14:34:44","date_gmt":"2026-04-03T14:34:44","guid":{"rendered":"https:\/\/geminight.azdigi.shop\/?post_type=product&#038;p=537"},"modified":"2026-04-14T09:52:31","modified_gmt":"2026-04-14T02:52:31","slug":"aurora-candle-set","status":"publish","type":"product","link":"https:\/\/geminight.azdigi.shop\/index.php\/product\/aurora-candle-set\/","title":{"rendered":"Aurora Candle Set"},"content":{"rendered":"<h1 style=\"text-align: center;\">\u2728 <strong>Aurora Candle Set \u2013 \u00c1nh s\u00e1ng c\u1ee7a s\u1ef1 th\u01b0 gi\u00e3n\u00a0<\/strong><\/h1>\n<p style=\"text-align: center;\"><span style=\"font-size: 115%;\"><span style=\"color: #000000;\"><em><strong>Aurora Candle S<\/strong><strong>e<\/strong><\/em><em><strong>t<\/strong><\/em><\/span> g\u1ed3m b\u1ed1n ng\u1ecdn n\u1ebfn th\u01a1m cao c\u1ea5p, \u0111\u1eb7t trong h\u1ed9p qu\u00e0 sang tr\u1ecdng. M\u1ed7i n\u1ebfn mang m\u1ed9t s\u1eafc m\u00e0u ri\u00eang: xanh d\u1ecbu, kem \u1ea5m, t\u00edm s\u00e2u v\u00e0 xanh \u0111\u1eadm. S\u1ef1 k\u1ebft h\u1ee3p n\u00e0y t\u1ea1o n\u00ean m\u1ed9t b\u1ed9 qu\u00e0 t\u1eb7ng v\u1eeba hi\u1ec7n \u0111\u1ea1i v\u1eeba l\u00e3ng m\u1ea1n, th\u00edch h\u1ee3p cho sinh nh\u1eadt, k\u1ef7 ni\u1ec7m hay l\u1ec5 h\u1ed9i.<\/span><\/p>\n<h2><span style=\"color: #000000;\"><strong>TH\u00d4NG TIN S\u1ea2N PH\u1ea8M<\/strong><\/span><\/h2>\n<ul>\n<li><span style=\"font-size: 115%;\"><span style=\"color: #000000;\"><strong>N\u1ebfn xanh d\u1ecbu<\/strong><\/span>: H\u01b0\u01a1ng bi\u1ec3n m\u00e1t l\u00e0nh, mang l\u1ea1i c\u1ea3m gi\u00e1c th\u01b0 th\u00e1i.<\/span><\/li>\n<li><span style=\"font-size: 115%;\"><span style=\"color: #000000;\"><strong>N\u1ebfn kem \u1ea5m<\/strong><\/span>: H\u01b0\u01a1ng vani ng\u1ecdt ng\u00e0o, g\u1ee3i s\u1ef1 g\u1ea7n g\u0169i.<\/span><\/li>\n<li><span style=\"font-size: 115%;\"><strong><span style=\"color: #000000;\">N\u1ebfn t\u00edm<\/span> <\/strong>: H\u01b0\u01a1ng o\u1ea3i h\u01b0\u01a1ng gi\u00fap xua tan c\u0103ng th\u1eb3ng.<\/span><\/li>\n<li><span style=\"font-size: 115%;\"><span style=\"color: #000000;\"><strong>N\u1ebfn xanh \u0111\u1eadm<\/strong><\/span>: H\u01b0\u01a1ng g\u1ed7 tr\u1ea7m t\u1ea1o kh\u00f4ng gian sang tr\u1ecdng.<\/span><\/li>\n<\/ul>\n<p><span style=\"font-size: 115%;\">\u00c1nh s\u00e1ng d\u1ecbu nh\u1eb9 k\u1ebft h\u1ee3p h\u01b0\u01a1ng th\u01a1m tinh t\u1ebf, bi\u1ebfn c\u0103n ph\u00f2ng th\u00e0nh n\u01a1i ngh\u1ec9 ng\u01a1i l\u00fd t\u01b0\u1edfng.<\/span><\/p>\n<h2><span style=\"color: #000000;\"><strong>\u00dd NGH\u0128A<\/strong><\/span><\/h2>\n<p><span style=\"font-size: 115%;\"><span style=\"color: #000000;\"><em><strong>Aurora Candle Set<\/strong><\/em><\/span> kh\u00f4ng ch\u1ec9 l\u00e0 m\u00f3n qu\u00e0 v\u1eadt ch\u1ea5t. \u0110\u00e2y c\u00f2n l\u00e0 l\u1eddi ch\u00fac b\u00ecnh y\u00ean, th\u1ec3 hi\u1ec7n s\u1ef1 quan t\u00e2m v\u00e0 t\u00ecnh c\u1ea3m ch\u00e2n th\u00e0nh. B\u1ed9 n\u1ebfn c\u0169ng l\u00e0 \u0111i\u1ec3m nh\u1ea5n ngh\u1ec7 thu\u1eadt trong trang tr\u00ed, gi\u00fap kh\u00f4ng gian th\u00eam sang tr\u1ecdng v\u00e0 \u1ea5m \u00e1p.<\/span><\/p>\n<h2><span style=\"color: #000000;\"><strong>CAM K\u1ebeT CH\u1ea4T L\u01af\u1ee2NG<\/strong><\/span><\/h2>\n<ul>\n<li><span style=\"font-size: 115%;\"><span style=\"color: #000000;\"><strong>Nguy\u00ean li\u1ec7u t\u1ef1 nhi\u00ean<\/strong><\/span>: S\u00e1p th\u1ef1c v\u1eadt v\u00e0 tinh d\u1ea7u nguy\u00ean ch\u1ea5t, an to\u00e0n cho s\u1ee9c kh\u1ecfe.<\/span><\/li>\n<li><span style=\"font-size: 115%;\"><span style=\"color: #000000;\"><strong>Th\u1ee7 c\u00f4ng tinh t\u1ebf<\/strong><\/span>: M\u1ed7i ng\u1ecdn n\u1ebfn \u0111\u01b0\u1ee3c ch\u1ebf t\u00e1c b\u1eb1ng tay, mang d\u1ea5u \u1ea5n ngh\u1ec7 thu\u1eadt ri\u00eang.<\/span><span style=\"font-size: 115%;\">Set n\u1ebfn kh\u00f4ng ch\u1ec9 sang tr\u1ecdng m\u00e0 c\u00f2n l\u00e0 m\u00f3n qu\u00e0 xanh, v\u1edbi bao b\u00ec t\u00e1i ch\u1ebf th\u00e2n thi\u1ec7n m\u00f4i tr\u01b0\u1eddng<\/span><\/li>\n<\/ul>\n<h2><span style=\"color: #000000;\"><strong>Tr\u1ea3i nghi\u1ec7m Aurora Candle Set<\/strong><\/span><\/h2>\n<p><span style=\"font-size: 115%;\">Set n\u1ebfn th\u01a1m Aurora \u0111em \u0111\u1ebfn s\u1ef1 th\u01b0 gi\u00e3n v\u00e0 ni\u1ec1m vui tr\u1ecdn v\u1eb9n. \u0110\u00e2y l\u00e0 m\u00f3n qu\u00e0 tinh t\u1ebf, \u00fd ngh\u0129a d\u00e0nh cho gia \u0111\u00ecnh, b\u1ea1n b\u00e8 ho\u1eb7c ch\u00ednh b\u1ea1n.<\/span><\/p>\n<p style=\"text-align: center;\"><span style=\"font-size: 115%; color: #000000;\">\u2728 <strong>Aurora Candle Set \u2013 Qu\u00e0 t\u1eb7ng n\u1ebfn th\u01a1m sang tr\u1ecdng, mang \u0111\u1ebfn \u00e1nh s\u00e1ng v\u00e0 h\u01b0\u01a1ng th\u01a1m c\u1ee7a s\u1ef1 b\u00ecnh y\u00ean.<\/strong><\/span><\/p>\n<p><span style=\"color: #000000; font-size: 120%;\"><strong>LI\u00caN H\u1ec6 V\u1edaI CH\u00daNG T\u00d4I<\/strong><\/span><\/p>\n<style id=\"wpforms-css-vars-285\">\n\t\t\t\t#wpforms-285 {\n\t\t\t\t--wpforms-container-padding: 0px;\n--wpforms-container-border-width: 1px;\n--wpforms-container-border-radius: 3px;\n--wpforms-background-color: rgba(0, 0, 0, 0);\n--wpforms-field-size-input-height: 43px;\n--wpforms-field-size-input-spacing: 15px;\n--wpforms-field-size-font-size: 16px;\n--wpforms-field-size-line-height: 19px;\n--wpforms-field-size-padding-h: 14px;\n--wpforms-field-size-checkbox-size: 16px;\n--wpforms-field-size-sublabel-spacing: 5px;\n--wpforms-field-size-icon-size: 1;\n--wpforms-label-size-font-size: 16px;\n--wpforms-label-size-line-height: 19px;\n--wpforms-label-size-sublabel-font-size: 14px;\n--wpforms-label-size-sublabel-line-height: 17px;\n--wpforms-button-size-font-size: 17px;\n--wpforms-button-size-height: 41px;\n--wpforms-button-size-padding-h: 15px;\n--wpforms-button-size-margin-top: 10px;\n--wpforms-container-shadow-size-box-shadow: none;\n\t\t\t}\n\t\t\t<\/style><div class=\"wpforms-container wpforms-container-full wpforms-render-modern\" id=\"wpforms-285\"><form id=\"wpforms-form-285\" class=\"wpforms-validate wpforms-form wpforms-ajax-form\" data-formid=\"285\" method=\"post\" enctype=\"multipart\/form-data\" action=\"\/index.php\/wp-json\/wp\/v2\/product\/537\" data-token=\"c49d949707bef0b90089528119073e88\" data-token-time=\"1777132676\"><noscript class=\"wpforms-error-noscript\">Vui l\u00f2ng b\u1eadt JavaScript trong tr\u00ecnh duy\u1ec7t c\u1ee7a b\u1ea1n \u0111\u1ec3 ho\u00e0n th\u00e0nh Form n\u00e0y.<\/noscript><div id=\"wpforms-error-noscript\" style=\"display: none;\">Vui l\u00f2ng b\u1eadt JavaScript trong tr\u00ecnh duy\u1ec7t c\u1ee7a b\u1ea1n \u0111\u1ec3 ho\u00e0n th\u00e0nh Form n\u00e0y.<\/div><div class=\"wpforms-field-container\"><div id=\"wpforms-285-field_1-container\" class=\"wpforms-field wpforms-field-name\" data-field-id=\"1\"><fieldset><legend class=\"wpforms-field-label\">Name <span class=\"wpforms-required-label\" aria-hidden=\"true\">*<\/span><\/legend><div class=\"wpforms-field-row wpforms-field-medium\"><div class=\"wpforms-field-row-block wpforms-first wpforms-one-half\"><input type=\"text\" id=\"wpforms-285-field_1\" class=\"wpforms-field-name-first wpforms-field-required\" name=\"wpforms[fields][1][first]\" aria-errormessage=\"wpforms-285-field_1-error\" required><label for=\"wpforms-285-field_1\" class=\"wpforms-field-sublabel after\">T\u00ean<\/label><\/div><div class=\"wpforms-field-row-block wpforms-one-half\"><input type=\"text\" id=\"wpforms-285-field_1-last\" class=\"wpforms-field-name-last wpforms-field-required\" name=\"wpforms[fields][1][last]\" aria-errormessage=\"wpforms-285-field_1-last-error\" required><label for=\"wpforms-285-field_1-last\" class=\"wpforms-field-sublabel after\">H\u1ecd<\/label><\/div><\/div><\/fieldset><\/div><div id=\"wpforms-285-field_2-container\" class=\"wpforms-field wpforms-field-email\" data-field-id=\"2\"><label class=\"wpforms-field-label\" for=\"wpforms-285-field_2\">Email <span class=\"wpforms-required-label\" aria-hidden=\"true\">*<\/span><\/label><input type=\"email\" id=\"wpforms-285-field_2\" class=\"wpforms-field-medium wpforms-field-required\" name=\"wpforms[fields][2]\" spellcheck=\"false\" aria-errormessage=\"wpforms-285-field_2-error\" required><\/div>\t\t<div id=\"wpforms-285-field_4-container\"\n\t\t\tclass=\"wpforms-field wpforms-field-text\"\n\t\t\tdata-field-type=\"text\"\n\t\t\tdata-field-id=\"4\"\n\t\t\t>\n\t\t\t<label class=\"wpforms-field-label\" for=\"wpforms-285-field_4\" >or Name Message<\/label>\n\t\t\t<input type=\"text\" id=\"wpforms-285-field_4\" class=\"wpforms-field-medium\" name=\"wpforms[fields][4]\" >\n\t\t<\/div>\n\t\t<div id=\"wpforms-285-field_3-container\" class=\"wpforms-field wpforms-field-textarea\" data-field-id=\"3\"><label class=\"wpforms-field-label\" for=\"wpforms-285-field_3\">Comment or Message<\/label><textarea id=\"wpforms-285-field_3\" class=\"wpforms-field-medium\" name=\"wpforms[fields][3]\" aria-errormessage=\"wpforms-285-field_3-error\" ><\/textarea><\/div><script>\n\t\t\t\t( function() {\n\t\t\t\t\tconst style = document.createElement( 'style' );\n\t\t\t\t\tstyle.appendChild( document.createTextNode( '#wpforms-285-field_4-container { position: absolute !important; overflow: hidden !important; display: inline !important; height: 1px !important; width: 1px !important; z-index: -1000 !important; padding: 0 !important; } #wpforms-285-field_4-container input { visibility: hidden; } #wpforms-conversational-form-page #wpforms-285-field_4-container label { counter-increment: none; }' ) );\n\t\t\t\t\tdocument.head.appendChild( style );\n\t\t\t\t\tdocument.currentScript?.remove();\n\t\t\t\t} )();\n\t\t\t<\/script><\/div><!-- .wpforms-field-container --><div class=\"wpforms-submit-container\" ><input type=\"hidden\" name=\"wpforms[id]\" value=\"285\"><input type=\"hidden\" name=\"page_title\" value=\"\"><input type=\"hidden\" name=\"page_url\" value=\"https:\/\/geminight.azdigi.shop\/index.php\/wp-json\/wp\/v2\/product\/537\"><input type=\"hidden\" name=\"url_referer\" value=\"\"><button type=\"submit\" name=\"wpforms[submit]\" id=\"wpforms-submit-285\" class=\"wpforms-submit\" data-alt-text=\"Sending...\" data-submit-text=\"Submit\" aria-live=\"assertive\" value=\"wpforms-submit\">Submit<\/button><img loading=\"lazy\" decoding=\"async\" src=\"https:\/\/geminight.azdigi.shop\/wp-content\/plugins\/wpforms-lite\/assets\/images\/submit-spin.svg\" class=\"wpforms-submit-spinner\" style=\"display: none;\" width=\"26\" height=\"26\" alt=\"\u0110ang t\u1ea3i\"><\/div><\/form><\/div>  <!-- .wpforms-container -->\n<p><img loading=\"lazy\" decoding=\"async\" class=\"size-medium wp-image-249 aligncenter\" src=\"https:\/\/geminight.azdigi.shop\/wp-content\/uploads\/2026\/03\/new_collection__7_-removebg-preview-300x150.png\" alt=\"\" width=\"300\" height=\"150\" srcset=\"https:\/\/geminight.azdigi.shop\/wp-content\/uploads\/2026\/03\/new_collection__7_-removebg-preview-300x150.png 300w, https:\/\/geminight.azdigi.shop\/wp-content\/uploads\/2026\/03\/new_collection__7_-removebg-preview-600x300.png 600w, https:\/\/geminight.azdigi.shop\/wp-content\/uploads\/2026\/03\/new_collection__7_-removebg-preview.png 707w\" sizes=\"auto, (max-width: 300px) 100vw, 300px\" \/><\/p>\n<p>&nbsp;<\/p>\n","protected":false},"excerpt":{"rendered":"<p>\u2728 Aurora Candle Set \u2013 \u00c1nh s\u00e1ng c\u1ee7a s\u1ef1 th\u01b0 gi\u00e3n\u00a0 Aurora Candle Set g\u1ed3m b\u1ed1n ng\u1ecdn n\u1ebfn th\u01a1m cao c\u1ea5p, \u0111\u1eb7t trong h\u1ed9p qu\u00e0 sang tr\u1ecdng. M\u1ed7i n\u1ebfn mang m\u1ed9t s\u1eafc m\u00e0u ri\u00eang: xanh d\u1ecbu, kem \u1ea5m, t\u00edm s\u00e2u v\u00e0 xanh \u0111\u1eadm. S\u1ef1 k\u1ebft h\u1ee3p n\u00e0y t\u1ea1o n\u00ean m\u1ed9t b\u1ed9 qu\u00e0 t\u1eb7ng v\u1eeba hi\u1ec7n [&#8230;]\n","protected":false},"featured_media":882,"comment_status":"open","ping_status":"closed","template":"","meta":[],"product_brand":[],"product_cat":[46],"product_tag":[],"class_list":{"0":"post-537","1":"product","2":"type-product","3":"status-publish","4":"has-post-thumbnail","6":"product_cat-aurora-candle-set","8":"first","9":"instock","10":"shipping-taxable","11":"purchasable","12":"product-type-variable"},"yoast_head":"<!-- This site is optimized with the Yoast SEO plugin v27.1.1 - https:\/\/yoast.com\/product\/yoast-seo-wordpress\/ -->\n<title>Aurora Candle Set - GEMINIGHT<\/title>\n<meta name=\"description\" content=\"Aurora Candle Set l\u00e0 b\u1ed9 qu\u00e0 t\u1eb7ng g\u1ed3m b\u1ed1n ng\u1ecdn n\u1ebfn sang tr\u1ecdng, \u0111\u01b0\u1ee3c s\u1eafp x\u1ebfp trong h\u1ed9p qu\u00e0 cao c\u1ea5p. M\u1ed7i chi\u1ebfc n\u1ebfn mang m\u1ed9t s\u1eafc m\u00e0u ri\u00eang.\" \/>\n<meta name=\"robots\" content=\"index, follow, max-snippet:-1, max-image-preview:large, max-video-preview:-1\" \/>\n<link rel=\"canonical\" href=\"https:\/\/geminight.azdigi.shop\/index.php\/product\/aurora-candle-set\/\" \/>\n<meta property=\"og:locale\" content=\"vi_VN\" \/>\n<meta property=\"og:type\" content=\"article\" \/>\n<meta property=\"og:title\" content=\"Aurora Candle Set - GEMINIGHT\" \/>\n<meta property=\"og:description\" content=\"Aurora Candle Set l\u00e0 b\u1ed9 qu\u00e0 t\u1eb7ng g\u1ed3m b\u1ed1n ng\u1ecdn n\u1ebfn sang tr\u1ecdng, \u0111\u01b0\u1ee3c s\u1eafp x\u1ebfp trong h\u1ed9p qu\u00e0 cao c\u1ea5p. M\u1ed7i chi\u1ebfc n\u1ebfn mang m\u1ed9t s\u1eafc m\u00e0u ri\u00eang.\" \/>\n<meta property=\"og:url\" content=\"https:\/\/geminight.azdigi.shop\/index.php\/product\/aurora-candle-set\/\" \/>\n<meta property=\"og:site_name\" content=\"GEMINIGHT\" \/>\n<meta property=\"article:modified_time\" content=\"2026-04-14T02:52:31+00:00\" \/>\n<meta property=\"og:image\" content=\"https:\/\/geminight.azdigi.shop\/wp-content\/uploads\/2026\/04\/e1b7c31c306ce6114b31d431c2060bdc.jpg\" \/>\n\t<meta property=\"og:image:width\" content=\"1024\" \/>\n\t<meta property=\"og:image:height\" content=\"1024\" \/>\n\t<meta property=\"og:image:type\" content=\"image\/jpeg\" \/>\n<meta name=\"twitter:card\" content=\"summary_large_image\" \/>\n<meta name=\"twitter:label1\" content=\"\u01af\u1edbc t\u00ednh th\u1eddi gian \u0111\u1ecdc\" \/>\n\t<meta name=\"twitter:data1\" content=\"3 ph\u00fat\" \/>\n<script type=\"application\/ld+json\" class=\"yoast-schema-graph\">{\"@context\":\"https:\/\/schema.org\",\"@graph\":[{\"@type\":\"WebPage\",\"@id\":\"https:\/\/geminight.azdigi.shop\/index.php\/product\/aurora-candle-set\/\",\"url\":\"https:\/\/geminight.azdigi.shop\/index.php\/product\/aurora-candle-set\/\",\"name\":\"Aurora Candle Set - GEMINIGHT\",\"isPartOf\":{\"@id\":\"https:\/\/geminight.azdigi.shop\/#website\"},\"primaryImageOfPage\":{\"@id\":\"https:\/\/geminight.azdigi.shop\/index.php\/product\/aurora-candle-set\/#primaryimage\"},\"image\":{\"@id\":\"https:\/\/geminight.azdigi.shop\/index.php\/product\/aurora-candle-set\/#primaryimage\"},\"thumbnailUrl\":\"https:\/\/geminight.azdigi.shop\/wp-content\/uploads\/2026\/04\/e1b7c31c306ce6114b31d431c2060bdc.jpg\",\"datePublished\":\"2026-04-03T14:34:44+00:00\",\"dateModified\":\"2026-04-14T02:52:31+00:00\",\"description\":\"Aurora Candle Set l\u00e0 b\u1ed9 qu\u00e0 t\u1eb7ng g\u1ed3m b\u1ed1n ng\u1ecdn n\u1ebfn sang tr\u1ecdng, \u0111\u01b0\u1ee3c s\u1eafp x\u1ebfp trong h\u1ed9p qu\u00e0 cao c\u1ea5p. M\u1ed7i chi\u1ebfc n\u1ebfn mang m\u1ed9t s\u1eafc m\u00e0u ri\u00eang.\",\"breadcrumb\":{\"@id\":\"https:\/\/geminight.azdigi.shop\/index.php\/product\/aurora-candle-set\/#breadcrumb\"},\"inLanguage\":\"vi\",\"potentialAction\":[{\"@type\":\"ReadAction\",\"target\":[\"https:\/\/geminight.azdigi.shop\/index.php\/product\/aurora-candle-set\/\"]}]},{\"@type\":\"ImageObject\",\"inLanguage\":\"vi\",\"@id\":\"https:\/\/geminight.azdigi.shop\/index.php\/product\/aurora-candle-set\/#primaryimage\",\"url\":\"https:\/\/geminight.azdigi.shop\/wp-content\/uploads\/2026\/04\/e1b7c31c306ce6114b31d431c2060bdc.jpg\",\"contentUrl\":\"https:\/\/geminight.azdigi.shop\/wp-content\/uploads\/2026\/04\/e1b7c31c306ce6114b31d431c2060bdc.jpg\",\"width\":1024,\"height\":1024},{\"@type\":\"BreadcrumbList\",\"@id\":\"https:\/\/geminight.azdigi.shop\/index.php\/product\/aurora-candle-set\/#breadcrumb\",\"itemListElement\":[{\"@type\":\"ListItem\",\"position\":1,\"name\":\"Home\",\"item\":\"https:\/\/geminight.azdigi.shop\/\"},{\"@type\":\"ListItem\",\"position\":2,\"name\":\"Shop\",\"item\":\"https:\/\/geminight.azdigi.shop\/index.php\/shop\/\"},{\"@type\":\"ListItem\",\"position\":3,\"name\":\"Aurora Candle Set\"}]},{\"@type\":\"WebSite\",\"@id\":\"https:\/\/geminight.azdigi.shop\/#website\",\"url\":\"https:\/\/geminight.azdigi.shop\/\",\"name\":\"GEMINIGHT\",\"description\":\"\",\"potentialAction\":[{\"@type\":\"SearchAction\",\"target\":{\"@type\":\"EntryPoint\",\"urlTemplate\":\"https:\/\/geminight.azdigi.shop\/?s={search_term_string}\"},\"query-input\":{\"@type\":\"PropertyValueSpecification\",\"valueRequired\":true,\"valueName\":\"search_term_string\"}}],\"inLanguage\":\"vi\"}]}<\/script>\n<!-- \/ Yoast SEO plugin. -->","yoast_head_json":{"title":"Aurora Candle Set - GEMINIGHT","description":"Aurora Candle Set l\u00e0 b\u1ed9 qu\u00e0 t\u1eb7ng g\u1ed3m b\u1ed1n ng\u1ecdn n\u1ebfn sang tr\u1ecdng, \u0111\u01b0\u1ee3c s\u1eafp x\u1ebfp trong h\u1ed9p qu\u00e0 cao c\u1ea5p. M\u1ed7i chi\u1ebfc n\u1ebfn mang m\u1ed9t s\u1eafc m\u00e0u ri\u00eang.","robots":{"index":"index","follow":"follow","max-snippet":"max-snippet:-1","max-image-preview":"max-image-preview:large","max-video-preview":"max-video-preview:-1"},"canonical":"https:\/\/geminight.azdigi.shop\/index.php\/product\/aurora-candle-set\/","og_locale":"vi_VN","og_type":"article","og_title":"Aurora Candle Set - GEMINIGHT","og_description":"Aurora Candle Set l\u00e0 b\u1ed9 qu\u00e0 t\u1eb7ng g\u1ed3m b\u1ed1n ng\u1ecdn n\u1ebfn sang tr\u1ecdng, \u0111\u01b0\u1ee3c s\u1eafp x\u1ebfp trong h\u1ed9p qu\u00e0 cao c\u1ea5p. M\u1ed7i chi\u1ebfc n\u1ebfn mang m\u1ed9t s\u1eafc m\u00e0u ri\u00eang.","og_url":"https:\/\/geminight.azdigi.shop\/index.php\/product\/aurora-candle-set\/","og_site_name":"GEMINIGHT","article_modified_time":"2026-04-14T02:52:31+00:00","og_image":[{"width":1024,"height":1024,"url":"https:\/\/geminight.azdigi.shop\/wp-content\/uploads\/2026\/04\/e1b7c31c306ce6114b31d431c2060bdc.jpg","type":"image\/jpeg"}],"twitter_card":"summary_large_image","twitter_misc":{"\u01af\u1edbc t\u00ednh th\u1eddi gian \u0111\u1ecdc":"3 ph\u00fat"},"schema":{"@context":"https:\/\/schema.org","@graph":[{"@type":"WebPage","@id":"https:\/\/geminight.azdigi.shop\/index.php\/product\/aurora-candle-set\/","url":"https:\/\/geminight.azdigi.shop\/index.php\/product\/aurora-candle-set\/","name":"Aurora Candle Set - GEMINIGHT","isPartOf":{"@id":"https:\/\/geminight.azdigi.shop\/#website"},"primaryImageOfPage":{"@id":"https:\/\/geminight.azdigi.shop\/index.php\/product\/aurora-candle-set\/#primaryimage"},"image":{"@id":"https:\/\/geminight.azdigi.shop\/index.php\/product\/aurora-candle-set\/#primaryimage"},"thumbnailUrl":"https:\/\/geminight.azdigi.shop\/wp-content\/uploads\/2026\/04\/e1b7c31c306ce6114b31d431c2060bdc.jpg","datePublished":"2026-04-03T14:34:44+00:00","dateModified":"2026-04-14T02:52:31+00:00","description":"Aurora Candle Set l\u00e0 b\u1ed9 qu\u00e0 t\u1eb7ng g\u1ed3m b\u1ed1n ng\u1ecdn n\u1ebfn sang tr\u1ecdng, \u0111\u01b0\u1ee3c s\u1eafp x\u1ebfp trong h\u1ed9p qu\u00e0 cao c\u1ea5p. M\u1ed7i chi\u1ebfc n\u1ebfn mang m\u1ed9t s\u1eafc m\u00e0u ri\u00eang.","breadcrumb":{"@id":"https:\/\/geminight.azdigi.shop\/index.php\/product\/aurora-candle-set\/#breadcrumb"},"inLanguage":"vi","potentialAction":[{"@type":"ReadAction","target":["https:\/\/geminight.azdigi.shop\/index.php\/product\/aurora-candle-set\/"]}]},{"@type":"ImageObject","inLanguage":"vi","@id":"https:\/\/geminight.azdigi.shop\/index.php\/product\/aurora-candle-set\/#primaryimage","url":"https:\/\/geminight.azdigi.shop\/wp-content\/uploads\/2026\/04\/e1b7c31c306ce6114b31d431c2060bdc.jpg","contentUrl":"https:\/\/geminight.azdigi.shop\/wp-content\/uploads\/2026\/04\/e1b7c31c306ce6114b31d431c2060bdc.jpg","width":1024,"height":1024},{"@type":"BreadcrumbList","@id":"https:\/\/geminight.azdigi.shop\/index.php\/product\/aurora-candle-set\/#breadcrumb","itemListElement":[{"@type":"ListItem","position":1,"name":"Home","item":"https:\/\/geminight.azdigi.shop\/"},{"@type":"ListItem","position":2,"name":"Shop","item":"https:\/\/geminight.azdigi.shop\/index.php\/shop\/"},{"@type":"ListItem","position":3,"name":"Aurora Candle Set"}]},{"@type":"WebSite","@id":"https:\/\/geminight.azdigi.shop\/#website","url":"https:\/\/geminight.azdigi.shop\/","name":"GEMINIGHT","description":"","potentialAction":[{"@type":"SearchAction","target":{"@type":"EntryPoint","urlTemplate":"https:\/\/geminight.azdigi.shop\/?s={search_term_string}"},"query-input":{"@type":"PropertyValueSpecification","valueRequired":true,"valueName":"search_term_string"}}],"inLanguage":"vi"}]}},"_links":{"self":[{"href":"https:\/\/geminight.azdigi.shop\/index.php\/wp-json\/wp\/v2\/product\/537","targetHints":{"allow":["GET"]}}],"collection":[{"href":"https:\/\/geminight.azdigi.shop\/index.php\/wp-json\/wp\/v2\/product"}],"about":[{"href":"https:\/\/geminight.azdigi.shop\/index.php\/wp-json\/wp\/v2\/types\/product"}],"replies":[{"embeddable":true,"href":"https:\/\/geminight.azdigi.shop\/index.php\/wp-json\/wp\/v2\/comments?post=537"}],"wp:featuredmedia":[{"embeddable":true,"href":"https:\/\/geminight.azdigi.shop\/index.php\/wp-json\/wp\/v2\/media\/882"}],"wp:attachment":[{"href":"https:\/\/geminight.azdigi.shop\/index.php\/wp-json\/wp\/v2\/media?parent=537"}],"wp:term":[{"taxonomy":"product_brand","embeddable":true,"href":"https:\/\/geminight.azdigi.shop\/index.php\/wp-json\/wp\/v2\/product_brand?post=537"},{"taxonomy":"product_cat","embeddable":true,"href":"https:\/\/geminight.azdigi.shop\/index.php\/wp-json\/wp\/v2\/product_cat?post=537"},{"taxonomy":"product_tag","embeddable":true,"href":"https:\/\/geminight.azdigi.shop\/index.php\/wp-json\/wp\/v2\/product_tag?post=537"}],"curies":[{"name":"wp","href":"https:\/\/api.w.org\/{rel}","templated":true}]}}