{"id":522,"date":"2026-04-03T09:51:59","date_gmt":"2026-04-03T09:51:59","guid":{"rendered":"https:\/\/geminight.azdigi.shop\/?post_type=product&#038;p=522"},"modified":"2026-04-03T15:49:46","modified_gmt":"2026-04-03T15:49:46","slug":"set-qua-bloom-candle","status":"publish","type":"product","link":"https:\/\/geminight.azdigi.shop\/index.php\/product\/set-qua-bloom-candle\/","title":{"rendered":"Set qu\u00e0 Bloom Candle"},"content":{"rendered":"<h1 style=\"text-align: center;\"><span style=\"color: #000000;\"><strong>\ud83c\udf38 Bloom Candle \u2013 Qu\u00e0 t\u1eb7ng tinh t\u1ebf v\u00e0 l\u00e3ng m\u1ea1n<\/strong><\/span><\/h1>\n<h2><strong><span style=\"color: #000000;\">V\u1ebb \u0111\u1eb9p tinh t\u1ebf c\u1ee7a Bloom Candle<\/span><\/strong><\/h2>\n<p><span style=\"font-size: 115%;\"><span style=\"color: #000000;\"><em><strong>Bloom Candle<\/strong><\/em><\/span> l\u00e0 ng\u1ecdn n\u1ebfn th\u01a1m mang bi\u1ec3u t\u01b0\u1ee3ng c\u1ee7a s\u1ef1 tinh t\u1ebf v\u00e0 t\u00ecnh c\u1ea3m. Thi\u1ebft k\u1ebf h\u1ed9p qu\u00e0 sang tr\u1ecdng, \u0111i\u1ec3m xuy\u1ebft hoa h\u1ed3ng, t\u1ea1o c\u1ea3m gi\u00e1c v\u1eeba hi\u1ec7n \u0111\u1ea1i v\u1eeba l\u00e3ng m\u1ea1n. \u0110\u00e2y l\u00e0 l\u1ef1a ch\u1ecdn ho\u00e0n h\u1ea3o cho sinh nh\u1eadt, k\u1ef7 ni\u1ec7m hay ng\u00e0y l\u1ec5.<\/span><\/p>\n<h2><strong>H\u01b0\u01a1ng th\u01a1m ch\u1ee7 \u0111\u1ea1o- h\u01b0\u01a1ng hoa h\u1ed3ng ng\u1ecdt ng\u00e0o<\/strong><\/h2>\n<p><span style=\"font-size: 115%;\">H\u01b0\u01a1ng hoa h\u1ed3ng mang l\u1ea1i c\u1ea3m gi\u00e1c l\u00e3ng m\u00e3n v\u00e0 \u1ea5m \u00e1p<\/span><\/p>\n<h3><span style=\"color: #000000;\"><strong><span style=\"font-size: 115%;\">\u00c1nh s\u00e1ng d\u1ecbu nh\u1eb9 k\u1ebft h\u1ee3p h\u01b0\u01a1ng th\u01a1m<\/span><\/strong><\/span><\/h3>\n<p><span style=\"font-size: 115%;\">\u00c1nh s\u00e1ng n\u1ebfn h\u00f2a quy\u1ec7n c\u00f9ng h\u01b0\u01a1ng th\u01a1m tinh khi\u1ebft. Kh\u00f4ng gian tr\u1edf n\u00ean th\u01b0 gi\u00e3n v\u00e0 b\u00ecnh y\u00ean.<\/span><\/p>\n<h2><span style=\"color: #000000;\"><strong>\u00dd ngh\u0129a c\u1ee7a Bloom Candle<\/strong><\/span><\/h2>\n<p><span style=\"font-size: 115%;\">Bloom Candle kh\u00f4ng ch\u1ec9 mang l\u1ea1i \u00e1nh s\u00e1ng v\u00e0 h\u01b0\u01a1ng th\u01a1m. \u0110\u00e2y c\u00f2n l\u00e0 m\u00f3n qu\u00e0 tinh th\u1ea7n, th\u1ec3 hi\u1ec7n s\u1ef1 quan t\u00e2m v\u00e0 t\u00ecnh c\u1ea3m ch\u00e2n th\u00e0nh. S\u1ea3n ph\u1ea9m c\u0169ng l\u00e0 \u0111i\u1ec3m nh\u1ea5n ngh\u1ec7 thu\u1eadt trong trang tr\u00ed, gi\u00fap kh\u00f4ng gian th\u00eam \u1ea5m \u00e1p v\u00e0 sang tr\u1ecdng.<\/span><\/p>\n<h2><span style=\"color: #000000;\"><strong>Cam k\u1ebft ch\u1ea5t l\u01b0\u1ee3ng<\/strong><\/span><\/h2>\n<ul>\n<li><span style=\"font-size: 115%;\"><span style=\"color: #000000;\"><strong>Nguy\u00ean li\u1ec7u t\u1ef1 nhi\u00ean<\/strong>:<\/span> S\u00e1p th\u1ef1c v\u1eadt v\u00e0 h\u01b0\u01a1ng hoa tinh khi\u1ebft. Kh\u00f4ng ch\u1ee9a h\u00f3a ch\u1ea5t \u0111\u1ed9c h\u1ea1i.<\/span><\/li>\n<li><span style=\"font-size: 115%;\"><span style=\"color: #000000;\"><strong>Th\u1ee7 c\u00f4ng tinh t\u1ebf<\/strong><\/span>: M\u1ed7i ng\u1ecdn n\u1ebfn \u0111\u01b0\u1ee3c ch\u1ebf t\u00e1c b\u1eb1ng tay, mang d\u1ea5u \u1ea5n ngh\u1ec7 thu\u1eadt ri\u00eang.<\/span><\/li>\n<li><span style=\"font-size: 115%;\"><span style=\"color: #000000;\"><strong>Th\u00e2n thi\u1ec7n m\u00f4i tr\u01b0\u1eddng<\/strong><\/span>: S\u1ea3n ph\u1ea9m b\u1ec1n v\u1eefng, h\u01b0\u1edbng \u0111\u1ebfn l\u1ed1i s\u1ed1ng xanh.<\/span><\/li>\n<\/ul>\n<h2><strong>Tr\u1ea3i nghi\u1ec7m Bloom Candle mang l\u1ea1i<\/strong><\/h2>\n<p><span style=\"font-size: 115%;\">Bloom Candle \u0111em \u0111\u1ebfn \u00e1nh s\u00e1ng d\u1ecbu nh\u1eb9 v\u00e0 h\u01b0\u01a1ng th\u01a1m tinh khi\u1ebft. \u0110\u00e2y l\u00e0 m\u00f3n qu\u00e0 tinh t\u1ebf, \u00fd ngh\u0129a d\u00e0nh cho ng\u01b0\u1eddi th\u00e2n y\u00eau. \u0110\u1ed3ng th\u1eddi c\u0169ng l\u00e0 s\u1ef1 l\u1ef1a ch\u1ecdn ho\u00e0n h\u1ea3o \u0111\u1ec3 t\u1ef1 th\u01b0\u1edfng cho b\u1ea3n th\u00e2n sau m\u1ed9t ng\u00e0y d\u00e0i.<\/span><\/p>\n<div><\/div>\n<p style=\"text-align: center;\"><em><span style=\"font-size: 150%;\">\u2728<span style=\"color: #000000;\"> <strong>Bloom Candle \u2013 Khi \u00e1nh s\u00e1ng v\u00e0 h\u01b0\u01a1ng th\u01a1m tr\u1edf th\u00e0nh l\u1eddi ch\u00fac y\u00eau th\u01b0\u01a1ng.<\/strong><\/span><\/span><\/em><\/p>\n<p><strong><span style=\"color: #000000; font-size: 120%;\">LI\u00caN H\u1ec6 V\u1edaI CH\u00daNG T\u00d4I<\/span><\/strong><\/p>\n<style id=\"wpforms-css-vars-285\">\n\t\t\t\t#wpforms-285 {\n\t\t\t\t--wpforms-container-padding: 0px;\n--wpforms-container-border-width: 1px;\n--wpforms-container-border-radius: 3px;\n--wpforms-background-color: rgba(0, 0, 0, 0);\n--wpforms-field-size-input-height: 43px;\n--wpforms-field-size-input-spacing: 15px;\n--wpforms-field-size-font-size: 16px;\n--wpforms-field-size-line-height: 19px;\n--wpforms-field-size-padding-h: 14px;\n--wpforms-field-size-checkbox-size: 16px;\n--wpforms-field-size-sublabel-spacing: 5px;\n--wpforms-field-size-icon-size: 1;\n--wpforms-label-size-font-size: 16px;\n--wpforms-label-size-line-height: 19px;\n--wpforms-label-size-sublabel-font-size: 14px;\n--wpforms-label-size-sublabel-line-height: 17px;\n--wpforms-button-size-font-size: 17px;\n--wpforms-button-size-height: 41px;\n--wpforms-button-size-padding-h: 15px;\n--wpforms-button-size-margin-top: 10px;\n--wpforms-container-shadow-size-box-shadow: none;\n\t\t\t}\n\t\t\t<\/style><div class=\"wpforms-container wpforms-container-full wpforms-render-modern\" id=\"wpforms-285\"><form id=\"wpforms-form-285\" class=\"wpforms-validate wpforms-form wpforms-ajax-form\" data-formid=\"285\" method=\"post\" enctype=\"multipart\/form-data\" action=\"\/index.php\/wp-json\/wp\/v2\/product\/522\" data-token=\"b5b965bce5fe632c2543b01b6dd6df7f\" data-token-time=\"1777020504\"><noscript class=\"wpforms-error-noscript\">Vui l\u00f2ng b\u1eadt JavaScript trong tr\u00ecnh duy\u1ec7t c\u1ee7a b\u1ea1n \u0111\u1ec3 ho\u00e0n th\u00e0nh Form n\u00e0y.<\/noscript><div id=\"wpforms-error-noscript\" style=\"display: none;\">Vui l\u00f2ng b\u1eadt JavaScript trong tr\u00ecnh duy\u1ec7t c\u1ee7a b\u1ea1n \u0111\u1ec3 ho\u00e0n th\u00e0nh Form n\u00e0y.<\/div><div class=\"wpforms-field-container\">\t\t<div id=\"wpforms-285-field_4-container\"\n\t\t\tclass=\"wpforms-field wpforms-field-text\"\n\t\t\tdata-field-type=\"text\"\n\t\t\tdata-field-id=\"4\"\n\t\t\t>\n\t\t\t<label class=\"wpforms-field-label\" for=\"wpforms-285-field_4\" >Name Message Email<\/label>\n\t\t\t<input type=\"text\" id=\"wpforms-285-field_4\" class=\"wpforms-field-medium\" name=\"wpforms[fields][4]\" >\n\t\t<\/div>\n\t\t<div id=\"wpforms-285-field_1-container\" class=\"wpforms-field wpforms-field-name\" data-field-id=\"1\"><fieldset><legend class=\"wpforms-field-label\">Name <span class=\"wpforms-required-label\" aria-hidden=\"true\">*<\/span><\/legend><div class=\"wpforms-field-row wpforms-field-medium\"><div class=\"wpforms-field-row-block wpforms-first wpforms-one-half\"><input type=\"text\" id=\"wpforms-285-field_1\" class=\"wpforms-field-name-first wpforms-field-required\" name=\"wpforms[fields][1][first]\" aria-errormessage=\"wpforms-285-field_1-error\" required><label for=\"wpforms-285-field_1\" class=\"wpforms-field-sublabel after\">T\u00ean<\/label><\/div><div class=\"wpforms-field-row-block wpforms-one-half\"><input type=\"text\" id=\"wpforms-285-field_1-last\" class=\"wpforms-field-name-last wpforms-field-required\" name=\"wpforms[fields][1][last]\" aria-errormessage=\"wpforms-285-field_1-last-error\" required><label for=\"wpforms-285-field_1-last\" class=\"wpforms-field-sublabel after\">H\u1ecd<\/label><\/div><\/div><\/fieldset><\/div><div id=\"wpforms-285-field_2-container\" class=\"wpforms-field wpforms-field-email\" data-field-id=\"2\"><label class=\"wpforms-field-label\" for=\"wpforms-285-field_2\">Email <span class=\"wpforms-required-label\" aria-hidden=\"true\">*<\/span><\/label><input type=\"email\" id=\"wpforms-285-field_2\" class=\"wpforms-field-medium wpforms-field-required\" name=\"wpforms[fields][2]\" spellcheck=\"false\" aria-errormessage=\"wpforms-285-field_2-error\" required><\/div><div id=\"wpforms-285-field_3-container\" class=\"wpforms-field wpforms-field-textarea\" data-field-id=\"3\"><label class=\"wpforms-field-label\" for=\"wpforms-285-field_3\">Comment or Message<\/label><textarea id=\"wpforms-285-field_3\" class=\"wpforms-field-medium\" name=\"wpforms[fields][3]\" aria-errormessage=\"wpforms-285-field_3-error\" ><\/textarea><\/div><script>\n\t\t\t\t( function() {\n\t\t\t\t\tconst style = document.createElement( 'style' );\n\t\t\t\t\tstyle.appendChild( document.createTextNode( '#wpforms-285-field_4-container { position: absolute !important; overflow: hidden !important; display: inline !important; height: 1px !important; width: 1px !important; z-index: -1000 !important; padding: 0 !important; } #wpforms-285-field_4-container input { visibility: hidden; } #wpforms-conversational-form-page #wpforms-285-field_4-container label { counter-increment: none; }' ) );\n\t\t\t\t\tdocument.head.appendChild( style );\n\t\t\t\t\tdocument.currentScript?.remove();\n\t\t\t\t} )();\n\t\t\t<\/script><\/div><!-- .wpforms-field-container --><div class=\"wpforms-submit-container\" ><input type=\"hidden\" name=\"wpforms[id]\" value=\"285\"><input type=\"hidden\" name=\"page_title\" value=\"\"><input type=\"hidden\" name=\"page_url\" value=\"https:\/\/geminight.azdigi.shop\/index.php\/wp-json\/wp\/v2\/product\/522\"><input type=\"hidden\" name=\"url_referer\" value=\"\"><button type=\"submit\" name=\"wpforms[submit]\" id=\"wpforms-submit-285\" class=\"wpforms-submit\" data-alt-text=\"Sending...\" data-submit-text=\"Submit\" aria-live=\"assertive\" value=\"wpforms-submit\">Submit<\/button><img loading=\"lazy\" decoding=\"async\" src=\"https:\/\/geminight.azdigi.shop\/wp-content\/plugins\/wpforms-lite\/assets\/images\/submit-spin.svg\" class=\"wpforms-submit-spinner\" style=\"display: none;\" width=\"26\" height=\"26\" alt=\"\u0110ang t\u1ea3i\"><\/div><\/form><\/div>  <!-- .wpforms-container -->\n<div><\/div>\n<p><img loading=\"lazy\" decoding=\"async\" class=\" wp-image-249 aligncenter\" src=\"https:\/\/geminight.azdigi.shop\/wp-content\/uploads\/2026\/03\/new_collection__7_-removebg-preview-300x150.png\" alt=\"\" width=\"340\" height=\"170\" srcset=\"https:\/\/geminight.azdigi.shop\/wp-content\/uploads\/2026\/03\/new_collection__7_-removebg-preview-300x150.png 300w, https:\/\/geminight.azdigi.shop\/wp-content\/uploads\/2026\/03\/new_collection__7_-removebg-preview-600x300.png 600w, https:\/\/geminight.azdigi.shop\/wp-content\/uploads\/2026\/03\/new_collection__7_-removebg-preview.png 707w\" sizes=\"auto, (max-width: 340px) 100vw, 340px\" \/><\/p>\n<p>&nbsp;<\/p>\n","protected":false},"excerpt":{"rendered":"<p>\ud83c\udf38 Bloom Candle \u2013 Qu\u00e0 t\u1eb7ng tinh t\u1ebf v\u00e0 l\u00e3ng m\u1ea1n V\u1ebb \u0111\u1eb9p tinh t\u1ebf c\u1ee7a Bloom Candle Bloom Candle l\u00e0 ng\u1ecdn n\u1ebfn th\u01a1m mang bi\u1ec3u t\u01b0\u1ee3ng c\u1ee7a s\u1ef1 tinh t\u1ebf v\u00e0 t\u00ecnh c\u1ea3m. Thi\u1ebft k\u1ebf h\u1ed9p qu\u00e0 sang tr\u1ecdng, \u0111i\u1ec3m xuy\u1ebft hoa h\u1ed3ng, t\u1ea1o c\u1ea3m gi\u00e1c v\u1eeba hi\u1ec7n \u0111\u1ea1i v\u1eeba l\u00e3ng m\u1ea1n. \u0110\u00e2y l\u00e0 [&#8230;]\n","protected":false},"featured_media":519,"comment_status":"open","ping_status":"closed","template":"","meta":[],"product_brand":[],"product_cat":[44],"product_tag":[],"class_list":{"0":"post-522","1":"product","2":"type-product","3":"status-publish","4":"has-post-thumbnail","6":"product_cat-set-qua-bloom-candle","8":"first","9":"instock","10":"shipping-taxable","11":"purchasable","12":"product-type-variable"},"yoast_head":"<!-- This site is optimized with the Yoast SEO plugin v27.1.1 - https:\/\/yoast.com\/product\/yoast-seo-wordpress\/ -->\n<title>Set qu\u00e0 Bloom Candle - GEMINIGHT<\/title>\n<meta name=\"description\" content=\"Set qu\u00e0 Bloom Candle mang \u0111\u1ebfn s\u1ef1 k\u1ebft h\u1ee3p gi\u1eefa \u00e1nh s\u00e1ng d\u1ecbu d\u00e0ng v\u00e0 h\u01b0\u01a1ng th\u01a1m ng\u1ecdt ng\u00e0o. Thi\u1ebft k\u1ebf h\u1ed9p qu\u00e0 sang tr\u1ecdng, \u0111i\u1ec3m xuy\u1ebft hoa h\u1ed3ng\" \/>\n<meta name=\"robots\" content=\"index, follow, max-snippet:-1, max-image-preview:large, max-video-preview:-1\" \/>\n<link rel=\"canonical\" href=\"https:\/\/geminight.azdigi.shop\/index.php\/product\/set-qua-bloom-candle\/\" \/>\n<meta property=\"og:locale\" content=\"vi_VN\" \/>\n<meta property=\"og:type\" content=\"article\" \/>\n<meta property=\"og:title\" content=\"Set qu\u00e0 Bloom Candle - GEMINIGHT\" \/>\n<meta property=\"og:description\" content=\"Set qu\u00e0 Bloom Candle mang \u0111\u1ebfn s\u1ef1 k\u1ebft h\u1ee3p gi\u1eefa \u00e1nh s\u00e1ng d\u1ecbu d\u00e0ng v\u00e0 h\u01b0\u01a1ng th\u01a1m ng\u1ecdt ng\u00e0o. Thi\u1ebft k\u1ebf h\u1ed9p qu\u00e0 sang tr\u1ecdng, \u0111i\u1ec3m xuy\u1ebft hoa h\u1ed3ng\" \/>\n<meta property=\"og:url\" content=\"https:\/\/geminight.azdigi.shop\/index.php\/product\/set-qua-bloom-candle\/\" \/>\n<meta property=\"og:site_name\" content=\"GEMINIGHT\" \/>\n<meta property=\"article:modified_time\" content=\"2026-04-03T15:49:46+00:00\" \/>\n<meta property=\"og:image\" content=\"https:\/\/geminight.azdigi.shop\/wp-content\/uploads\/2026\/04\/9fa1703e7824022fefdd2bcf0e579d5d.jpg\" \/>\n\t<meta property=\"og:image:width\" content=\"1078\" \/>\n\t<meta property=\"og:image:height\" content=\"1351\" \/>\n\t<meta property=\"og:image:type\" content=\"image\/jpeg\" \/>\n<meta name=\"twitter:card\" content=\"summary_large_image\" \/>\n<meta name=\"twitter:label1\" content=\"\u01af\u1edbc t\u00ednh th\u1eddi gian \u0111\u1ecdc\" \/>\n\t<meta name=\"twitter:data1\" content=\"2 ph\u00fat\" \/>\n<script type=\"application\/ld+json\" class=\"yoast-schema-graph\">{\"@context\":\"https:\/\/schema.org\",\"@graph\":[{\"@type\":\"WebPage\",\"@id\":\"https:\/\/geminight.azdigi.shop\/index.php\/product\/set-qua-bloom-candle\/\",\"url\":\"https:\/\/geminight.azdigi.shop\/index.php\/product\/set-qua-bloom-candle\/\",\"name\":\"Set qu\u00e0 Bloom Candle - GEMINIGHT\",\"isPartOf\":{\"@id\":\"https:\/\/geminight.azdigi.shop\/#website\"},\"primaryImageOfPage\":{\"@id\":\"https:\/\/geminight.azdigi.shop\/index.php\/product\/set-qua-bloom-candle\/#primaryimage\"},\"image\":{\"@id\":\"https:\/\/geminight.azdigi.shop\/index.php\/product\/set-qua-bloom-candle\/#primaryimage\"},\"thumbnailUrl\":\"https:\/\/geminight.azdigi.shop\/wp-content\/uploads\/2026\/04\/9fa1703e7824022fefdd2bcf0e579d5d.jpg\",\"datePublished\":\"2026-04-03T09:51:59+00:00\",\"dateModified\":\"2026-04-03T15:49:46+00:00\",\"description\":\"Set qu\u00e0 Bloom Candle mang \u0111\u1ebfn s\u1ef1 k\u1ebft h\u1ee3p gi\u1eefa \u00e1nh s\u00e1ng d\u1ecbu d\u00e0ng v\u00e0 h\u01b0\u01a1ng th\u01a1m ng\u1ecdt ng\u00e0o. Thi\u1ebft k\u1ebf h\u1ed9p qu\u00e0 sang tr\u1ecdng, \u0111i\u1ec3m xuy\u1ebft hoa h\u1ed3ng\",\"breadcrumb\":{\"@id\":\"https:\/\/geminight.azdigi.shop\/index.php\/product\/set-qua-bloom-candle\/#breadcrumb\"},\"inLanguage\":\"vi\",\"potentialAction\":[{\"@type\":\"ReadAction\",\"target\":[\"https:\/\/geminight.azdigi.shop\/index.php\/product\/set-qua-bloom-candle\/\"]}]},{\"@type\":\"ImageObject\",\"inLanguage\":\"vi\",\"@id\":\"https:\/\/geminight.azdigi.shop\/index.php\/product\/set-qua-bloom-candle\/#primaryimage\",\"url\":\"https:\/\/geminight.azdigi.shop\/wp-content\/uploads\/2026\/04\/9fa1703e7824022fefdd2bcf0e579d5d.jpg\",\"contentUrl\":\"https:\/\/geminight.azdigi.shop\/wp-content\/uploads\/2026\/04\/9fa1703e7824022fefdd2bcf0e579d5d.jpg\",\"width\":1078,\"height\":1351},{\"@type\":\"BreadcrumbList\",\"@id\":\"https:\/\/geminight.azdigi.shop\/index.php\/product\/set-qua-bloom-candle\/#breadcrumb\",\"itemListElement\":[{\"@type\":\"ListItem\",\"position\":1,\"name\":\"Home\",\"item\":\"https:\/\/geminight.azdigi.shop\/\"},{\"@type\":\"ListItem\",\"position\":2,\"name\":\"Shop\",\"item\":\"https:\/\/geminight.azdigi.shop\/index.php\/shop\/\"},{\"@type\":\"ListItem\",\"position\":3,\"name\":\"Set qu\u00e0 Bloom Candle\"}]},{\"@type\":\"WebSite\",\"@id\":\"https:\/\/geminight.azdigi.shop\/#website\",\"url\":\"https:\/\/geminight.azdigi.shop\/\",\"name\":\"GEMINIGHT\",\"description\":\"\",\"potentialAction\":[{\"@type\":\"SearchAction\",\"target\":{\"@type\":\"EntryPoint\",\"urlTemplate\":\"https:\/\/geminight.azdigi.shop\/?s={search_term_string}\"},\"query-input\":{\"@type\":\"PropertyValueSpecification\",\"valueRequired\":true,\"valueName\":\"search_term_string\"}}],\"inLanguage\":\"vi\"}]}<\/script>\n<!-- \/ Yoast SEO plugin. -->","yoast_head_json":{"title":"Set qu\u00e0 Bloom Candle - GEMINIGHT","description":"Set qu\u00e0 Bloom Candle mang \u0111\u1ebfn s\u1ef1 k\u1ebft h\u1ee3p gi\u1eefa \u00e1nh s\u00e1ng d\u1ecbu d\u00e0ng v\u00e0 h\u01b0\u01a1ng th\u01a1m ng\u1ecdt ng\u00e0o. Thi\u1ebft k\u1ebf h\u1ed9p qu\u00e0 sang tr\u1ecdng, \u0111i\u1ec3m xuy\u1ebft hoa h\u1ed3ng","robots":{"index":"index","follow":"follow","max-snippet":"max-snippet:-1","max-image-preview":"max-image-preview:large","max-video-preview":"max-video-preview:-1"},"canonical":"https:\/\/geminight.azdigi.shop\/index.php\/product\/set-qua-bloom-candle\/","og_locale":"vi_VN","og_type":"article","og_title":"Set qu\u00e0 Bloom Candle - GEMINIGHT","og_description":"Set qu\u00e0 Bloom Candle mang \u0111\u1ebfn s\u1ef1 k\u1ebft h\u1ee3p gi\u1eefa \u00e1nh s\u00e1ng d\u1ecbu d\u00e0ng v\u00e0 h\u01b0\u01a1ng th\u01a1m ng\u1ecdt ng\u00e0o. Thi\u1ebft k\u1ebf h\u1ed9p qu\u00e0 sang tr\u1ecdng, \u0111i\u1ec3m xuy\u1ebft hoa h\u1ed3ng","og_url":"https:\/\/geminight.azdigi.shop\/index.php\/product\/set-qua-bloom-candle\/","og_site_name":"GEMINIGHT","article_modified_time":"2026-04-03T15:49:46+00:00","og_image":[{"width":1078,"height":1351,"url":"https:\/\/geminight.azdigi.shop\/wp-content\/uploads\/2026\/04\/9fa1703e7824022fefdd2bcf0e579d5d.jpg","type":"image\/jpeg"}],"twitter_card":"summary_large_image","twitter_misc":{"\u01af\u1edbc t\u00ednh th\u1eddi gian \u0111\u1ecdc":"2 ph\u00fat"},"schema":{"@context":"https:\/\/schema.org","@graph":[{"@type":"WebPage","@id":"https:\/\/geminight.azdigi.shop\/index.php\/product\/set-qua-bloom-candle\/","url":"https:\/\/geminight.azdigi.shop\/index.php\/product\/set-qua-bloom-candle\/","name":"Set qu\u00e0 Bloom Candle - GEMINIGHT","isPartOf":{"@id":"https:\/\/geminight.azdigi.shop\/#website"},"primaryImageOfPage":{"@id":"https:\/\/geminight.azdigi.shop\/index.php\/product\/set-qua-bloom-candle\/#primaryimage"},"image":{"@id":"https:\/\/geminight.azdigi.shop\/index.php\/product\/set-qua-bloom-candle\/#primaryimage"},"thumbnailUrl":"https:\/\/geminight.azdigi.shop\/wp-content\/uploads\/2026\/04\/9fa1703e7824022fefdd2bcf0e579d5d.jpg","datePublished":"2026-04-03T09:51:59+00:00","dateModified":"2026-04-03T15:49:46+00:00","description":"Set qu\u00e0 Bloom Candle mang \u0111\u1ebfn s\u1ef1 k\u1ebft h\u1ee3p gi\u1eefa \u00e1nh s\u00e1ng d\u1ecbu d\u00e0ng v\u00e0 h\u01b0\u01a1ng th\u01a1m ng\u1ecdt ng\u00e0o. Thi\u1ebft k\u1ebf h\u1ed9p qu\u00e0 sang tr\u1ecdng, \u0111i\u1ec3m xuy\u1ebft hoa h\u1ed3ng","breadcrumb":{"@id":"https:\/\/geminight.azdigi.shop\/index.php\/product\/set-qua-bloom-candle\/#breadcrumb"},"inLanguage":"vi","potentialAction":[{"@type":"ReadAction","target":["https:\/\/geminight.azdigi.shop\/index.php\/product\/set-qua-bloom-candle\/"]}]},{"@type":"ImageObject","inLanguage":"vi","@id":"https:\/\/geminight.azdigi.shop\/index.php\/product\/set-qua-bloom-candle\/#primaryimage","url":"https:\/\/geminight.azdigi.shop\/wp-content\/uploads\/2026\/04\/9fa1703e7824022fefdd2bcf0e579d5d.jpg","contentUrl":"https:\/\/geminight.azdigi.shop\/wp-content\/uploads\/2026\/04\/9fa1703e7824022fefdd2bcf0e579d5d.jpg","width":1078,"height":1351},{"@type":"BreadcrumbList","@id":"https:\/\/geminight.azdigi.shop\/index.php\/product\/set-qua-bloom-candle\/#breadcrumb","itemListElement":[{"@type":"ListItem","position":1,"name":"Home","item":"https:\/\/geminight.azdigi.shop\/"},{"@type":"ListItem","position":2,"name":"Shop","item":"https:\/\/geminight.azdigi.shop\/index.php\/shop\/"},{"@type":"ListItem","position":3,"name":"Set qu\u00e0 Bloom Candle"}]},{"@type":"WebSite","@id":"https:\/\/geminight.azdigi.shop\/#website","url":"https:\/\/geminight.azdigi.shop\/","name":"GEMINIGHT","description":"","potentialAction":[{"@type":"SearchAction","target":{"@type":"EntryPoint","urlTemplate":"https:\/\/geminight.azdigi.shop\/?s={search_term_string}"},"query-input":{"@type":"PropertyValueSpecification","valueRequired":true,"valueName":"search_term_string"}}],"inLanguage":"vi"}]}},"_links":{"self":[{"href":"https:\/\/geminight.azdigi.shop\/index.php\/wp-json\/wp\/v2\/product\/522","targetHints":{"allow":["GET"]}}],"collection":[{"href":"https:\/\/geminight.azdigi.shop\/index.php\/wp-json\/wp\/v2\/product"}],"about":[{"href":"https:\/\/geminight.azdigi.shop\/index.php\/wp-json\/wp\/v2\/types\/product"}],"replies":[{"embeddable":true,"href":"https:\/\/geminight.azdigi.shop\/index.php\/wp-json\/wp\/v2\/comments?post=522"}],"wp:featuredmedia":[{"embeddable":true,"href":"https:\/\/geminight.azdigi.shop\/index.php\/wp-json\/wp\/v2\/media\/519"}],"wp:attachment":[{"href":"https:\/\/geminight.azdigi.shop\/index.php\/wp-json\/wp\/v2\/media?parent=522"}],"wp:term":[{"taxonomy":"product_brand","embeddable":true,"href":"https:\/\/geminight.azdigi.shop\/index.php\/wp-json\/wp\/v2\/product_brand?post=522"},{"taxonomy":"product_cat","embeddable":true,"href":"https:\/\/geminight.azdigi.shop\/index.php\/wp-json\/wp\/v2\/product_cat?post=522"},{"taxonomy":"product_tag","embeddable":true,"href":"https:\/\/geminight.azdigi.shop\/index.php\/wp-json\/wp\/v2\/product_tag?post=522"}],"curies":[{"name":"wp","href":"https:\/\/api.w.org\/{rel}","templated":true}]}}