{"id":485,"date":"2026-04-02T16:40:08","date_gmt":"2026-04-02T16:40:08","guid":{"rendered":"https:\/\/geminight.azdigi.shop\/?post_type=product&#038;p=485"},"modified":"2026-04-03T15:48:23","modified_gmt":"2026-04-03T15:48:23","slug":"soul-of-nature","status":"publish","type":"product","link":"https:\/\/geminight.azdigi.shop\/index.php\/product\/soul-of-nature\/","title":{"rendered":"Soul of Nature"},"content":{"rendered":"<h1 style=\"text-align: center;\"><span style=\"color: #000000;\">\ud83c\udf3f <strong>Soul of Nature<\/strong> <\/span><\/h1>\n<p style=\"text-align: center;\"><span style=\"font-size: 115%;\"><em><strong><span style=\"color: #000000;\">Soul of Nature<\/span><\/strong><\/em> ch\u1ecdn v\u1ecf d\u1eeba, th\u1ea3o m\u1ed9c kh\u00f4 v\u00e0 b\u1ea1c h\u00e0 \u0111\u1ec3 t\u1ea1o n\u00ean s\u1ef1 m\u1ed9c m\u1ea1c, b\u1ec1n v\u1eefng. M\u1ed7i ng\u1ecdn n\u1ebfn mang \u00e1nh s\u00e1ng v\u00e0 h\u01b0\u01a1ng th\u01a1m t\u1ef1 nhi\u00ean, \u0111\u01b0a thi\u00ean nhi\u00ean v\u00e0o cu\u1ed9c s\u1ed1ng, gi\u00fap t\u00e2m h\u1ed3n \u0111\u01b0\u1ee3c ch\u1eefa l\u00e0nh.<\/span><\/p>\n<h3><span style=\"color: #000000;\"><b>H\u01af\u01a0NG TH\u01a0M\u00a0<\/b><\/span><\/h3>\n<ul>\n<li><span style=\"font-size: 115%;\"><span style=\"color: #000000;\"><strong>Vanilla<\/strong>:<\/span> H\u01b0\u01a1ng d\u1ecbu ng\u1ecdt nh\u01b0 v\u00f2ng tay \u00f4m. Mang l\u1ea1i s\u1ef1 th\u01b0 gi\u00e3n v\u00e0 xua tan m\u1ec7t m\u1ecfi.<\/span><\/li>\n<li><span style=\"font-size: 115%;\"><span style=\"color: #000000;\"><strong>Sandalwood<\/strong>:<\/span> S\u1ef1 h\u00f2a quy\u1ec7n c\u1ee7a tho\u1ea3i h\u01b0\u01a1ng, hoa kh\u00f4 v\u00e0 l\u00e1 th\u1ea3o. H\u01b0\u01a1ng th\u01a1m thanh khi\u1ebft gi\u00fap tinh th\u1ea7n an y\u00ean.<\/span><\/li>\n<li><span style=\"font-size: 115%;\"><span style=\"color: #000000;\"><strong>Mint<\/strong>: <\/span>H\u01b0\u01a1ng b\u1ea1c h\u00e0 m\u00e1t l\u1ea1nh nh\u01b0 gi\u00f3 s\u1edbm mai. Kh\u01a1i d\u1eady n\u0103ng l\u01b0\u1ee3ng m\u1edbi, gi\u00fap b\u1ea1n t\u1ec9nh t\u00e1o v\u00e0 tr\u00e0n \u0111\u1ea7y s\u1ee9c s\u1ed1ng.<\/span><\/li>\n<\/ul>\n<h3><strong><span style=\"color: #000000;\">TR\u1ea2I NGHI\u1ec6M MANG L\u1ea0I<\/span><\/strong><\/h3>\n<p><span style=\"font-size: 115%;\"><strong><em>Soul of Nature<\/em><\/strong> k\u1ebft h\u1ee3p ng\u1ecdn l\u1eeda \u1ea5m \u00e1p v\u00e0 h\u01b0\u01a1ng th\u01a1m t\u1ef1 nhi\u00ean \u0111\u1ec3 \u0111em \u0111\u1ebfn cho b\u1ea1n:<\/span><\/p>\n<ul>\n<li><span style=\"font-size: 115%;\">Kh\u00f4ng gian th\u01b0 gi\u00e3n sau ng\u00e0y d\u00e0i.<\/span><\/li>\n<li><span style=\"font-size: 115%;\">\u0110i\u1ec3m nh\u1ea5n ngh\u1ec7 thu\u1eadt trong trang tr\u00ed.<\/span><\/li>\n<li><span style=\"font-size: 115%;\">M\u00f3n qu\u00e0 tinh t\u1ebf, \u00fd ngh\u0129a d\u00e0nh cho ng\u01b0\u1eddi th\u00e2n y\u00eau.<\/span><\/li>\n<\/ul>\n<h3><span style=\"color: #000000;\"><strong>CAM K\u1ebeT C\u1ee6A CH\u00daNG T\u00d4I<\/strong><\/span><\/h3>\n<ul>\n<li><span style=\"font-size: 115%;\"><span style=\"color: #000000;\"><strong>Nguy\u00ean li\u1ec7u t\u1ef1 nhi\u00ean<\/strong>:<\/span> S\u00e1p th\u1ef1c v\u1eadt, th\u1ea3o m\u1ed9c kh\u00f4, b\u1ea1c h\u00e0 v\u00e0 vani t\u1ef1 nhi\u00ean. Kh\u00f4ng h\u00f3a ch\u1ea5t \u0111\u1ed9c h\u1ea1i.<\/span><\/li>\n<li><span style=\"font-size: 115%;\"><span style=\"color: #000000;\"><strong>Th\u1ee7 c\u00f4ng tinh t\u1ebf<\/strong>:<\/span> M\u1ed7i s\u1ea3n ph\u1ea9m \u0111\u01b0\u1ee3c l\u00e0m b\u1eb1ng tay, ch\u1ee9a \u0111\u1ef1ng s\u1ef1 ch\u0103m ch\u00fat v\u00e0 ngh\u1ec7 thu\u1eadt.<\/span><\/li>\n<li><span style=\"font-size: 115%;\"><span style=\"color: #000000;\"><strong>Tr\u1ea3i nghi\u1ec7m l\u00e0nh m\u1ea1nh<\/strong><\/span>: \u00c1nh s\u00e1ng d\u1ecbu v\u00e0 h\u01b0\u01a1ng th\u01a1m tinh khi\u1ebft gi\u00fap b\u1ea1n th\u01b0 gi\u00e3n, c\u00e2n b\u1eb1ng tinh th\u1ea7n.<\/span><\/li>\n<\/ul>\n<p><span style=\"font-size: 120%; color: #000000;\"><strong>LI\u00caN H\u1ec6 V\u1edaI CH\u00daNG T\u00d4I<\/strong><\/span><\/p>\n<style id=\"wpforms-css-vars-285\">\n\t\t\t\t#wpforms-285 {\n\t\t\t\t--wpforms-container-padding: 0px;\n--wpforms-container-border-width: 1px;\n--wpforms-container-border-radius: 3px;\n--wpforms-background-color: rgba(0, 0, 0, 0);\n--wpforms-field-size-input-height: 43px;\n--wpforms-field-size-input-spacing: 15px;\n--wpforms-field-size-font-size: 16px;\n--wpforms-field-size-line-height: 19px;\n--wpforms-field-size-padding-h: 14px;\n--wpforms-field-size-checkbox-size: 16px;\n--wpforms-field-size-sublabel-spacing: 5px;\n--wpforms-field-size-icon-size: 1;\n--wpforms-label-size-font-size: 16px;\n--wpforms-label-size-line-height: 19px;\n--wpforms-label-size-sublabel-font-size: 14px;\n--wpforms-label-size-sublabel-line-height: 17px;\n--wpforms-button-size-font-size: 17px;\n--wpforms-button-size-height: 41px;\n--wpforms-button-size-padding-h: 15px;\n--wpforms-button-size-margin-top: 10px;\n--wpforms-container-shadow-size-box-shadow: none;\n\t\t\t}\n\t\t\t<\/style><div class=\"wpforms-container wpforms-container-full wpforms-render-modern\" id=\"wpforms-285\"><form id=\"wpforms-form-285\" class=\"wpforms-validate wpforms-form wpforms-ajax-form\" data-formid=\"285\" method=\"post\" enctype=\"multipart\/form-data\" action=\"\/index.php\/wp-json\/wp\/v2\/product\/485\" data-token=\"c49d949707bef0b90089528119073e88\" data-token-time=\"1777113135\"><noscript class=\"wpforms-error-noscript\">Vui l\u00f2ng b\u1eadt JavaScript trong tr\u00ecnh duy\u1ec7t c\u1ee7a b\u1ea1n \u0111\u1ec3 ho\u00e0n th\u00e0nh Form n\u00e0y.<\/noscript><div id=\"wpforms-error-noscript\" style=\"display: none;\">Vui l\u00f2ng b\u1eadt JavaScript trong tr\u00ecnh duy\u1ec7t c\u1ee7a b\u1ea1n \u0111\u1ec3 ho\u00e0n th\u00e0nh Form n\u00e0y.<\/div><div class=\"wpforms-field-container\">\t\t<div id=\"wpforms-285-field_4-container\"\n\t\t\tclass=\"wpforms-field wpforms-field-text\"\n\t\t\tdata-field-type=\"text\"\n\t\t\tdata-field-id=\"4\"\n\t\t\t>\n\t\t\t<label class=\"wpforms-field-label\" for=\"wpforms-285-field_4\" >or Comment Message<\/label>\n\t\t\t<input type=\"text\" id=\"wpforms-285-field_4\" class=\"wpforms-field-medium\" name=\"wpforms[fields][4]\" >\n\t\t<\/div>\n\t\t<div id=\"wpforms-285-field_1-container\" class=\"wpforms-field wpforms-field-name\" data-field-id=\"1\"><fieldset><legend class=\"wpforms-field-label\">Name <span class=\"wpforms-required-label\" aria-hidden=\"true\">*<\/span><\/legend><div class=\"wpforms-field-row wpforms-field-medium\"><div class=\"wpforms-field-row-block wpforms-first wpforms-one-half\"><input type=\"text\" id=\"wpforms-285-field_1\" class=\"wpforms-field-name-first wpforms-field-required\" name=\"wpforms[fields][1][first]\" aria-errormessage=\"wpforms-285-field_1-error\" required><label for=\"wpforms-285-field_1\" class=\"wpforms-field-sublabel after\">T\u00ean<\/label><\/div><div class=\"wpforms-field-row-block wpforms-one-half\"><input type=\"text\" id=\"wpforms-285-field_1-last\" class=\"wpforms-field-name-last wpforms-field-required\" name=\"wpforms[fields][1][last]\" aria-errormessage=\"wpforms-285-field_1-last-error\" required><label for=\"wpforms-285-field_1-last\" class=\"wpforms-field-sublabel after\">H\u1ecd<\/label><\/div><\/div><\/fieldset><\/div><div id=\"wpforms-285-field_2-container\" class=\"wpforms-field wpforms-field-email\" data-field-id=\"2\"><label class=\"wpforms-field-label\" for=\"wpforms-285-field_2\">Email <span class=\"wpforms-required-label\" aria-hidden=\"true\">*<\/span><\/label><input type=\"email\" id=\"wpforms-285-field_2\" class=\"wpforms-field-medium wpforms-field-required\" name=\"wpforms[fields][2]\" spellcheck=\"false\" aria-errormessage=\"wpforms-285-field_2-error\" required><\/div><div id=\"wpforms-285-field_3-container\" class=\"wpforms-field wpforms-field-textarea\" data-field-id=\"3\"><label class=\"wpforms-field-label\" for=\"wpforms-285-field_3\">Comment or Message<\/label><textarea id=\"wpforms-285-field_3\" class=\"wpforms-field-medium\" name=\"wpforms[fields][3]\" aria-errormessage=\"wpforms-285-field_3-error\" ><\/textarea><\/div><script>\n\t\t\t\t( function() {\n\t\t\t\t\tconst style = document.createElement( 'style' );\n\t\t\t\t\tstyle.appendChild( document.createTextNode( '#wpforms-285-field_4-container { position: absolute !important; overflow: hidden !important; display: inline !important; height: 1px !important; width: 1px !important; z-index: -1000 !important; padding: 0 !important; } #wpforms-285-field_4-container input { visibility: hidden; } #wpforms-conversational-form-page #wpforms-285-field_4-container label { counter-increment: none; }' ) );\n\t\t\t\t\tdocument.head.appendChild( style );\n\t\t\t\t\tdocument.currentScript?.remove();\n\t\t\t\t} )();\n\t\t\t<\/script><\/div><!-- .wpforms-field-container --><div class=\"wpforms-submit-container\" ><input type=\"hidden\" name=\"wpforms[id]\" value=\"285\"><input type=\"hidden\" name=\"page_title\" value=\"\"><input type=\"hidden\" name=\"page_url\" value=\"https:\/\/geminight.azdigi.shop\/index.php\/wp-json\/wp\/v2\/product\/485\"><input type=\"hidden\" name=\"url_referer\" value=\"\"><button type=\"submit\" name=\"wpforms[submit]\" id=\"wpforms-submit-285\" class=\"wpforms-submit\" data-alt-text=\"Sending...\" data-submit-text=\"Submit\" aria-live=\"assertive\" value=\"wpforms-submit\">Submit<\/button><img loading=\"lazy\" decoding=\"async\" src=\"https:\/\/geminight.azdigi.shop\/wp-content\/plugins\/wpforms-lite\/assets\/images\/submit-spin.svg\" class=\"wpforms-submit-spinner\" style=\"display: none;\" width=\"26\" height=\"26\" alt=\"\u0110ang t\u1ea3i\"><\/div><\/form><\/div>  <!-- .wpforms-container -->\n<div><\/div>\n<p><img loading=\"lazy\" decoding=\"async\" class=\" wp-image-249 aligncenter\" src=\"https:\/\/geminight.azdigi.shop\/wp-content\/uploads\/2026\/03\/new_collection__7_-removebg-preview-300x150.png\" alt=\"\" width=\"320\" height=\"160\" srcset=\"https:\/\/geminight.azdigi.shop\/wp-content\/uploads\/2026\/03\/new_collection__7_-removebg-preview-300x150.png 300w, https:\/\/geminight.azdigi.shop\/wp-content\/uploads\/2026\/03\/new_collection__7_-removebg-preview-600x300.png 600w, https:\/\/geminight.azdigi.shop\/wp-content\/uploads\/2026\/03\/new_collection__7_-removebg-preview.png 707w\" sizes=\"auto, (max-width: 320px) 100vw, 320px\" \/><\/p>\n<p>&nbsp;<\/p>\n","protected":false},"excerpt":{"rendered":"<p>\ud83c\udf3f Soul of Nature Soul of Nature ch\u1ecdn v\u1ecf d\u1eeba, th\u1ea3o m\u1ed9c kh\u00f4 v\u00e0 b\u1ea1c h\u00e0 \u0111\u1ec3 t\u1ea1o n\u00ean s\u1ef1 m\u1ed9c m\u1ea1c, b\u1ec1n v\u1eefng. M\u1ed7i ng\u1ecdn n\u1ebfn mang \u00e1nh s\u00e1ng v\u00e0 h\u01b0\u01a1ng th\u01a1m t\u1ef1 nhi\u00ean, \u0111\u01b0a thi\u00ean nhi\u00ean v\u00e0o cu\u1ed9c s\u1ed1ng, gi\u00fap t\u00e2m h\u1ed3n \u0111\u01b0\u1ee3c ch\u1eefa l\u00e0nh. H\u01af\u01a0NG TH\u01a0M\u00a0 Vanilla: H\u01b0\u01a1ng d\u1ecbu ng\u1ecdt nh\u01b0 v\u00f2ng [&#8230;]\n","protected":false},"featured_media":511,"comment_status":"open","ping_status":"closed","template":"","meta":[],"product_brand":[],"product_cat":[43],"product_tag":[],"class_list":{"0":"post-485","1":"product","2":"type-product","3":"status-publish","4":"has-post-thumbnail","6":"product_cat-soul-of-nature","8":"first","9":"instock","10":"sale","11":"shipping-taxable","12":"purchasable","13":"product-type-variable"},"yoast_head":"<!-- This site is optimized with the Yoast SEO plugin v27.1.1 - https:\/\/yoast.com\/product\/yoast-seo-wordpress\/ -->\n<title>Soul of Nature - GEMINIGHT<\/title>\n<meta name=\"description\" content=\"Soul of Nature l\u00e0 b\u1ed9 s\u01b0u t\u1eadp n\u1ebfn th\u01a1m th\u1ee7 c\u00f4ng, n\u01a1i \u00e1nh s\u00e1ng d\u1ecbu d\u00e0ng h\u00f2a quy\u1ec7n c\u00f9ng h\u01b0\u01a1ng th\u01a1m tinh khi\u1ebft t\u1eeb thi\u00ean nhi\u00ean.\" \/>\n<meta name=\"robots\" content=\"index, follow, max-snippet:-1, max-image-preview:large, max-video-preview:-1\" \/>\n<link rel=\"canonical\" href=\"https:\/\/geminight.azdigi.shop\/index.php\/product\/soul-of-nature\/\" \/>\n<meta property=\"og:locale\" content=\"vi_VN\" \/>\n<meta property=\"og:type\" content=\"article\" \/>\n<meta property=\"og:title\" content=\"Soul of Nature - GEMINIGHT\" \/>\n<meta property=\"og:description\" content=\"Soul of Nature l\u00e0 b\u1ed9 s\u01b0u t\u1eadp n\u1ebfn th\u01a1m th\u1ee7 c\u00f4ng, n\u01a1i \u00e1nh s\u00e1ng d\u1ecbu d\u00e0ng h\u00f2a quy\u1ec7n c\u00f9ng h\u01b0\u01a1ng th\u01a1m tinh khi\u1ebft t\u1eeb thi\u00ean nhi\u00ean.\" \/>\n<meta property=\"og:url\" content=\"https:\/\/geminight.azdigi.shop\/index.php\/product\/soul-of-nature\/\" \/>\n<meta property=\"og:site_name\" content=\"GEMINIGHT\" \/>\n<meta property=\"article:modified_time\" content=\"2026-04-03T15:48:23+00:00\" \/>\n<meta property=\"og:image\" content=\"https:\/\/geminight.azdigi.shop\/wp-content\/uploads\/2026\/04\/5afbeb38fc493e8e14d902bc68495750.jpg\" \/>\n\t<meta property=\"og:image:width\" content=\"1200\" \/>\n\t<meta property=\"og:image:height\" content=\"1500\" \/>\n\t<meta property=\"og:image:type\" content=\"image\/jpeg\" \/>\n<meta name=\"twitter:card\" content=\"summary_large_image\" \/>\n<meta name=\"twitter:label1\" content=\"\u01af\u1edbc t\u00ednh th\u1eddi gian \u0111\u1ecdc\" \/>\n\t<meta name=\"twitter:data1\" content=\"2 ph\u00fat\" \/>\n<script type=\"application\/ld+json\" class=\"yoast-schema-graph\">{\"@context\":\"https:\/\/schema.org\",\"@graph\":[{\"@type\":\"WebPage\",\"@id\":\"https:\/\/geminight.azdigi.shop\/index.php\/product\/soul-of-nature\/\",\"url\":\"https:\/\/geminight.azdigi.shop\/index.php\/product\/soul-of-nature\/\",\"name\":\"Soul of Nature - GEMINIGHT\",\"isPartOf\":{\"@id\":\"https:\/\/geminight.azdigi.shop\/#website\"},\"primaryImageOfPage\":{\"@id\":\"https:\/\/geminight.azdigi.shop\/index.php\/product\/soul-of-nature\/#primaryimage\"},\"image\":{\"@id\":\"https:\/\/geminight.azdigi.shop\/index.php\/product\/soul-of-nature\/#primaryimage\"},\"thumbnailUrl\":\"https:\/\/geminight.azdigi.shop\/wp-content\/uploads\/2026\/04\/5afbeb38fc493e8e14d902bc68495750.jpg\",\"datePublished\":\"2026-04-02T16:40:08+00:00\",\"dateModified\":\"2026-04-03T15:48:23+00:00\",\"description\":\"Soul of Nature l\u00e0 b\u1ed9 s\u01b0u t\u1eadp n\u1ebfn th\u01a1m th\u1ee7 c\u00f4ng, n\u01a1i \u00e1nh s\u00e1ng d\u1ecbu d\u00e0ng h\u00f2a quy\u1ec7n c\u00f9ng h\u01b0\u01a1ng th\u01a1m tinh khi\u1ebft t\u1eeb thi\u00ean nhi\u00ean.\",\"breadcrumb\":{\"@id\":\"https:\/\/geminight.azdigi.shop\/index.php\/product\/soul-of-nature\/#breadcrumb\"},\"inLanguage\":\"vi\",\"potentialAction\":[{\"@type\":\"ReadAction\",\"target\":[\"https:\/\/geminight.azdigi.shop\/index.php\/product\/soul-of-nature\/\"]}]},{\"@type\":\"ImageObject\",\"inLanguage\":\"vi\",\"@id\":\"https:\/\/geminight.azdigi.shop\/index.php\/product\/soul-of-nature\/#primaryimage\",\"url\":\"https:\/\/geminight.azdigi.shop\/wp-content\/uploads\/2026\/04\/5afbeb38fc493e8e14d902bc68495750.jpg\",\"contentUrl\":\"https:\/\/geminight.azdigi.shop\/wp-content\/uploads\/2026\/04\/5afbeb38fc493e8e14d902bc68495750.jpg\",\"width\":1200,\"height\":1500},{\"@type\":\"BreadcrumbList\",\"@id\":\"https:\/\/geminight.azdigi.shop\/index.php\/product\/soul-of-nature\/#breadcrumb\",\"itemListElement\":[{\"@type\":\"ListItem\",\"position\":1,\"name\":\"Home\",\"item\":\"https:\/\/geminight.azdigi.shop\/\"},{\"@type\":\"ListItem\",\"position\":2,\"name\":\"Shop\",\"item\":\"https:\/\/geminight.azdigi.shop\/index.php\/shop\/\"},{\"@type\":\"ListItem\",\"position\":3,\"name\":\"Soul of Nature\"}]},{\"@type\":\"WebSite\",\"@id\":\"https:\/\/geminight.azdigi.shop\/#website\",\"url\":\"https:\/\/geminight.azdigi.shop\/\",\"name\":\"GEMINIGHT\",\"description\":\"\",\"potentialAction\":[{\"@type\":\"SearchAction\",\"target\":{\"@type\":\"EntryPoint\",\"urlTemplate\":\"https:\/\/geminight.azdigi.shop\/?s={search_term_string}\"},\"query-input\":{\"@type\":\"PropertyValueSpecification\",\"valueRequired\":true,\"valueName\":\"search_term_string\"}}],\"inLanguage\":\"vi\"}]}<\/script>\n<!-- \/ Yoast SEO plugin. -->","yoast_head_json":{"title":"Soul of Nature - GEMINIGHT","description":"Soul of Nature l\u00e0 b\u1ed9 s\u01b0u t\u1eadp n\u1ebfn th\u01a1m th\u1ee7 c\u00f4ng, n\u01a1i \u00e1nh s\u00e1ng d\u1ecbu d\u00e0ng h\u00f2a quy\u1ec7n c\u00f9ng h\u01b0\u01a1ng th\u01a1m tinh khi\u1ebft t\u1eeb thi\u00ean nhi\u00ean.","robots":{"index":"index","follow":"follow","max-snippet":"max-snippet:-1","max-image-preview":"max-image-preview:large","max-video-preview":"max-video-preview:-1"},"canonical":"https:\/\/geminight.azdigi.shop\/index.php\/product\/soul-of-nature\/","og_locale":"vi_VN","og_type":"article","og_title":"Soul of Nature - GEMINIGHT","og_description":"Soul of Nature l\u00e0 b\u1ed9 s\u01b0u t\u1eadp n\u1ebfn th\u01a1m th\u1ee7 c\u00f4ng, n\u01a1i \u00e1nh s\u00e1ng d\u1ecbu d\u00e0ng h\u00f2a quy\u1ec7n c\u00f9ng h\u01b0\u01a1ng th\u01a1m tinh khi\u1ebft t\u1eeb thi\u00ean nhi\u00ean.","og_url":"https:\/\/geminight.azdigi.shop\/index.php\/product\/soul-of-nature\/","og_site_name":"GEMINIGHT","article_modified_time":"2026-04-03T15:48:23+00:00","og_image":[{"width":1200,"height":1500,"url":"https:\/\/geminight.azdigi.shop\/wp-content\/uploads\/2026\/04\/5afbeb38fc493e8e14d902bc68495750.jpg","type":"image\/jpeg"}],"twitter_card":"summary_large_image","twitter_misc":{"\u01af\u1edbc t\u00ednh th\u1eddi gian \u0111\u1ecdc":"2 ph\u00fat"},"schema":{"@context":"https:\/\/schema.org","@graph":[{"@type":"WebPage","@id":"https:\/\/geminight.azdigi.shop\/index.php\/product\/soul-of-nature\/","url":"https:\/\/geminight.azdigi.shop\/index.php\/product\/soul-of-nature\/","name":"Soul of Nature - GEMINIGHT","isPartOf":{"@id":"https:\/\/geminight.azdigi.shop\/#website"},"primaryImageOfPage":{"@id":"https:\/\/geminight.azdigi.shop\/index.php\/product\/soul-of-nature\/#primaryimage"},"image":{"@id":"https:\/\/geminight.azdigi.shop\/index.php\/product\/soul-of-nature\/#primaryimage"},"thumbnailUrl":"https:\/\/geminight.azdigi.shop\/wp-content\/uploads\/2026\/04\/5afbeb38fc493e8e14d902bc68495750.jpg","datePublished":"2026-04-02T16:40:08+00:00","dateModified":"2026-04-03T15:48:23+00:00","description":"Soul of Nature l\u00e0 b\u1ed9 s\u01b0u t\u1eadp n\u1ebfn th\u01a1m th\u1ee7 c\u00f4ng, n\u01a1i \u00e1nh s\u00e1ng d\u1ecbu d\u00e0ng h\u00f2a quy\u1ec7n c\u00f9ng h\u01b0\u01a1ng th\u01a1m tinh khi\u1ebft t\u1eeb thi\u00ean nhi\u00ean.","breadcrumb":{"@id":"https:\/\/geminight.azdigi.shop\/index.php\/product\/soul-of-nature\/#breadcrumb"},"inLanguage":"vi","potentialAction":[{"@type":"ReadAction","target":["https:\/\/geminight.azdigi.shop\/index.php\/product\/soul-of-nature\/"]}]},{"@type":"ImageObject","inLanguage":"vi","@id":"https:\/\/geminight.azdigi.shop\/index.php\/product\/soul-of-nature\/#primaryimage","url":"https:\/\/geminight.azdigi.shop\/wp-content\/uploads\/2026\/04\/5afbeb38fc493e8e14d902bc68495750.jpg","contentUrl":"https:\/\/geminight.azdigi.shop\/wp-content\/uploads\/2026\/04\/5afbeb38fc493e8e14d902bc68495750.jpg","width":1200,"height":1500},{"@type":"BreadcrumbList","@id":"https:\/\/geminight.azdigi.shop\/index.php\/product\/soul-of-nature\/#breadcrumb","itemListElement":[{"@type":"ListItem","position":1,"name":"Home","item":"https:\/\/geminight.azdigi.shop\/"},{"@type":"ListItem","position":2,"name":"Shop","item":"https:\/\/geminight.azdigi.shop\/index.php\/shop\/"},{"@type":"ListItem","position":3,"name":"Soul of Nature"}]},{"@type":"WebSite","@id":"https:\/\/geminight.azdigi.shop\/#website","url":"https:\/\/geminight.azdigi.shop\/","name":"GEMINIGHT","description":"","potentialAction":[{"@type":"SearchAction","target":{"@type":"EntryPoint","urlTemplate":"https:\/\/geminight.azdigi.shop\/?s={search_term_string}"},"query-input":{"@type":"PropertyValueSpecification","valueRequired":true,"valueName":"search_term_string"}}],"inLanguage":"vi"}]}},"_links":{"self":[{"href":"https:\/\/geminight.azdigi.shop\/index.php\/wp-json\/wp\/v2\/product\/485","targetHints":{"allow":["GET"]}}],"collection":[{"href":"https:\/\/geminight.azdigi.shop\/index.php\/wp-json\/wp\/v2\/product"}],"about":[{"href":"https:\/\/geminight.azdigi.shop\/index.php\/wp-json\/wp\/v2\/types\/product"}],"replies":[{"embeddable":true,"href":"https:\/\/geminight.azdigi.shop\/index.php\/wp-json\/wp\/v2\/comments?post=485"}],"wp:featuredmedia":[{"embeddable":true,"href":"https:\/\/geminight.azdigi.shop\/index.php\/wp-json\/wp\/v2\/media\/511"}],"wp:attachment":[{"href":"https:\/\/geminight.azdigi.shop\/index.php\/wp-json\/wp\/v2\/media?parent=485"}],"wp:term":[{"taxonomy":"product_brand","embeddable":true,"href":"https:\/\/geminight.azdigi.shop\/index.php\/wp-json\/wp\/v2\/product_brand?post=485"},{"taxonomy":"product_cat","embeddable":true,"href":"https:\/\/geminight.azdigi.shop\/index.php\/wp-json\/wp\/v2\/product_cat?post=485"},{"taxonomy":"product_tag","embeddable":true,"href":"https:\/\/geminight.azdigi.shop\/index.php\/wp-json\/wp\/v2\/product_tag?post=485"}],"curies":[{"name":"wp","href":"https:\/\/api.w.org\/{rel}","templated":true}]}}